{"id":856,"date":"2015-06-07T14:18:16","date_gmt":"2015-06-07T21:18:16","guid":{"rendered":"https:\/\/ziva-voda.com\/blog\/?page_id=856"},"modified":"2015-07-03T10:41:57","modified_gmt":"2015-07-03T17:41:57","slug":"pogoji-uporabe","status":"publish","type":"page","link":"https:\/\/ziva-voda.com\/blog\/pogoji-uporabe\/","title":{"rendered":"Pogoji uporabe"},"content":{"rendered":"<p><span style=\"color: #0000ff;\"><strong>Dobrodo\u0161li na Blogu spletnega mesta Ziva-voda.com<\/strong><\/span><\/p>\n<p>Spletno mesto je bilo postavljeno z namenom obve\u0161\u010danja \u0161ir\u0161e javnosti o produktih tipa MAP, FHES in probiotikov, ki temeljijo na tehnologiji EM. Prosimo vas, da kot obiskovalec in uporabnik na\u0161ega spletnega mesta, upo\u0161tevate spodaj na\u0161tete pogoje.<\/p>\n<p>S pregledovanjem ali uporabljanjem tega spletnega mesta potrjujete, da ste pogoje prebrali, da jih razumete ter se z njimi strinjate in jih sprejemate.<\/p>\n<p><span style=\"color: #0000ff;\"><strong>Informacije<\/strong><\/span><\/p>\n<p>Lastnik spletnega mesta bo s potrebno skrbnostjo poizku\u0161al zagotavljati natan\u010dnost in a\u017eurnost podatkov. Hkrati si pridr\u017euje pravice, da spreminja vsebino spletnega mesta in\/ali preneha z njegovim dopolnjevanjem, kadarkoli, brez vsakr\u0161nega predhodnjega obvestila in ne prevzema nobenih odgovornosti za obnovo spletnega mesta.<\/p>\n<p><span style=\"color: #0000ff;\"><strong>Za\u0161\u010ditne znamke<\/strong><\/span><\/p>\n<p>Vse znamke na spletnem mestu so za\u0161\u010ditene, \u010de lastnik spletnega mesta ne dolo\u010di druga\u010de. To vklju\u010duje tudi logotip in slogan spletnega mesta.<\/p>\n<p><strong><span style=\"color: #0000ff;\">Omejitev odgovornosti<\/span><\/strong><\/p>\n<p>Vsa besedila, slike ter ostale vsebine, ki so prikazane na spletnem mestu, je izbral in uredil lastnik spletnega mesta in so zgolj informativni podatki.<\/p>\n<p><strong><span style=\"color: #0000ff;\">Poslovni odnosi<\/span><\/strong><\/p>\n<p>Te spletne strani lahko vsebujejo povezave ali reference na spletna mesta, vire in informacije tretjih oseb.<\/p>\n<p><span style=\"color: #0000ff;\"><strong>Varovanje zasebnosti<\/strong><\/span><\/p>\n<p>Na spletnem mestu zbiramo kontaktne informacije in nekatere osebne podatke o tistih obiskovalcih, ki bi radi pri\u0161li do informacij in v ta namen kontaktirajo upravljalca spletnega mesta. Izklju\u010dno odgovornost za verodostojnost osebnih podatkov in kontaktnih informacij prevzamejo obiskovalci. Kontaktne informacije uporabljamo za vzpostavitev stika z obiskovalcem, kadar je to potrebno ali obiskovalec to sam \u017eeli. Uporabnik lahko kadarkoli prekli\u010de dovoljenje za obdelavo osebnih podatkov. Skrbnik spletnega mesta bo v tem primeru storil vse potrebno za takoj\u0161njo izpolnitev te zahteve. Osebne podatke in kontaktne informacije bomo uporabljali le za namene za katere so bili posredovani, v skladu z va\u0161im dovoljenjem.<\/p>\n<p>Za bolj\u0161e komuniciranje preko spleta se na tej spletni strani v\u010dasih uporablja kratke tekstovne datoteke (cookies\/pi\u0161kotki), ki si jih, glede na nastavitve, zapomni va\u0161 brskalnik. Tako se la\u017eje sprehajate po spletnih straneh. To tehniko uporabljamo za prilagoditev va\u0161emu na\u010dinu komuniciranja. Nekatere &#8220;pi\u0161kotke&#8221; preko na\u0161ih stre\u017enikov uskladi\u0161\u010dimo v spomin va\u0161ega ra\u010dunalnika. Uporaba &#8220;pi\u0161kotkov&#8221; je ustaljen postopek na ve\u010dini spletnih mest. V kolikor se z njihovo uporabo ne strinjate, spremenite nastavitve brskalnika tako, da bo sprejemanje &#8220;pi\u0161kotkov&#8221; onemogo\u010deno, vendar to lahko omeji zmo\u017enost va\u0161e komunikacije s spletnim mestom ziva-voda.com\/blog.<\/p>\n<p><strong><span style=\"color: #0000ff;\">Pravila za pi\u0161kotke<\/span><\/strong><\/p>\n<p>Za optimizacijo spletne strani v smislu sistemske u\u010dinkovitosti, uporabnosti in zagotavljanja koristnih informacij spletnega mesta Ziva Voda BLOG, se v datotekah z dnevniki na uporabnikovem ra\u010dunalniku\u00a0 samodejno zbira in shranjuje informacije. Te vklju\u010dujejo uporabnikov naslov internetnega protokola (IP), vrsto brskalnika in jezikovno nastavitev, operacijski sistem, ponudnika internetnih storitev (ISP), in datum\/\u010das obiska.<\/p>\n<p>Te podatke se uporablja za u\u010dinkovito upravljanje spletnih strani, da izve ve\u010d o vedenju uporabnikov po celotnih spletnih straneh, da analizira trende in da zbere demografske podatke o uporabnikih na celovit na\u010din. Zbrani podatki se lahko uporabijo za tr\u017ene in ogla\u0161evalske storitve ter za komunikacijo (na primer optimizacijo in izbolj\u0161anje uporabni\u0161kih izku\u0161enj, ki zagotavlja bolj privla\u010dne ponudbe in storitve).<\/p>\n<p>V primeru uporabe podatkov, ki niso osebni podatki, skupaj z osebnimi podatki, se taki podatki obravnavajo kot osebni podatki vse dokler so zdru\u017eeni.<\/p>\n<p>Tudi za podatke, zbrane s pi\u0161kotki in drugimi primerljivimi tehnikami, se uporablja izjava o varstvu osebnih podatkov iz teh pogojev.<\/p>\n<p><strong><span style=\"color: #0000ff;\">Kaj je \u00bbpi\u0161kotek\u00ab?<\/span><\/strong><\/p>\n<p>Spletne strani, e-po\u0161tna sporo\u010dila, spletne storitve, ogla\u0161evanje in interaktivne aplikacije lahko za optimizacijo storitev uporabljajo tako imenovane pi\u0161kotke (cookies).<\/p>\n<p>Pi\u0161kotek je majhna datoteka, obi\u010dajno vsebuje zaporedje \u010drk in \u0161tevilk, ki se nalo\u017ei na uporabnikovi terminalski opremi (ra\u010dunalnik, mobilna naprava in podobno; v teh pogojih na splo\u0161no ozna\u010deno kot: ra\u010dunalnik), ko ta obi\u0161\u010de spletno to stran. Ta na primer spletni strani Ziva-voda.com\/blog omogo\u010da prepoznati uporabnikove naprave, ko se vzpostavi povezava med spletnim stre\u017enikom in spletnim brskalnikom. Glavni namen pi\u0161kotka je, da spletnemu stre\u017eniku omogo\u010di, da uporabniku predstavi prilagojene spletne strani, ki omogo\u010dajo, da je do\u017eivetje ob obisku spletne strani bolj osebno in da se bolje odziva na posamezne uporabnikove potrebe. Pi\u0161kotki se uporabljajo tudi zato, da izvemo ve\u010d o na\u010dinu, kako uporabniki uporabljajo njegove spletne strani, pomagajo pa tudi izbolj\u0161ati uporabnikovo izku\u0161njo, ko obi\u0161\u010de spletne strani.<\/p>\n<p><strong><span style=\"color: #0000ff;\">Kak\u0161ne pi\u0161kotke uporablja ta spletna stran?<\/span><\/strong><\/p>\n<p>Za\u010dasni ali sejni pi\u0161kotki (session cookies): to so za\u010dasni pi\u0161kotki, ki so shranjeni v datoteki pi\u0161kotkov uporabnikovega brskalnika do konca njegovega obiska brskalnika (za \u010das trajanja seje brskanja in se bri\u0161ejo s potekom seje). Ti pi\u0161kotki so obvezni za pravilno delovanje dolo\u010denih aplikacij oziroma funkcionalnosti na spletni strani.<\/p>\n<p>Lastni pi\u0161kotki (1st party cookies) so s spletne strani, ki si jo uporabnik ogleduje, in so lahko trajni ali za\u010dasni. Spletne strani te pi\u0161kotke uporabljajo za shranjevanje informacij, ki jih bodo znova uporabile, ko uporabnik naslednji\u010d obi\u0161\u010de to mesto;<\/p>\n<p>Ve\u010d informacij o pi\u0161kotkih je mo\u017eno najti na spletu, na primeru tudi na spletni strani: https:\/\/www.allaboutcookies.org.<\/p>\n<p><strong><span style=\"color: #0000ff;\">Sledenje in analiza<\/span><\/strong><\/p>\n<p>Ziva-voda.com\/blog za stalno optimizacijo spletnega mesta na svojih spletnih straneh uporablja analiti\u010dno programsko opremo Google Analytics od Google Inc., ki uporablja pi\u0161kotke za namen analiziranja prometa (\u0161tetje obiskovalcev, identifikacija brskalnikov in klju\u010dnih besed, ki vodijo na mesto, problemi pri navigaciji). Spletna stran uporabnika o njih obvesti takoj, ko uporabnik prvi\u010d prispe na spletno mesto.<\/p>\n<p>To omogo\u010da sledenje spletnega vedenja; na stopnji zbiranja pi\u0161kotki shranjujejo informacije o tem, kako uporabniki uporabljajo spletno stran, vklju\u010dno s \u0161tevilom prikazanih strani, od kod uporabnik prihaja (geografska lokacija), \u010das obiska in \u0161tevilo obiskov, da bi s tem izbolj\u0161ali spletno stran in zagotovili dobro izku\u0161njo pri uporabnikih. Ti podatki se zbirajo preko sledilnih pi\u0161kotkov. Podatki pridobljeni preko pi\u0161kotkov so anonimni in se ne povezujejo z osebnimi podatki. Skrbnik tega spletnega mesta teh podatkov ne deli z nobenimi tretjimi osebami za njihovo samostojno uporabo.<\/p>\n<p><strong><span style=\"color: #0000ff;\">Omogo\u010danje in onemogo\u010danje pi\u0161kotkov in podobne tehnologije<\/span><\/strong><\/p>\n<p>Uporabniku je omogo\u010deno, da sprejme ali zavrne vse pi\u0161kotke na vseh obiskanih spletnih straneh, pri \u010demer je treba upo\u0161tevati, da ve\u010dina brskalnikov samodejno sprejema pi\u0161kotke; oziroma, da njihovo uporabo blokira tako, da spremeni nastavitve v svojem internetnem brskalniku.<\/p>\n<p>\u010ce so pi\u0161kotki onemogo\u010deni, nekatere funkcije in popolna funkcionalnost spletnih strani ni ve\u010d na voljo oziroma ne bodo delovale pravilno.<\/p>\n","protected":false},"excerpt":{"rendered":"<p>Dobrodo\u0161li na Blogu spletnega mesta Ziva-voda.com Spletno mesto je bilo postavljeno z namenom obve\u0161\u010danja \u0161ir\u0161e javnosti o produktih tipa MAP, FHES in probiotikov, ki temeljijo na tehnologiji EM. Prosimo vas, da kot obiskovalec in uporabnik na\u0161ega spletnega mesta, upo\u0161tevate spodaj na\u0161tete pogoje. S pregledovanjem ali uporabljanjem tega spletnega mesta potrjujete, da ste pogoje prebrali, da [&hellip;]<\/p>\n","protected":false},"author":88889,"featured_media":0,"parent":0,"menu_order":0,"comment_status":"open","ping_status":"open","template":"","meta":{"_acf_changed":false,"_et_pb_use_builder":"","_et_pb_old_content":"","_et_gb_content_width":"","footnotes":""},"class_list":["post-856","page","type-page","status-publish","hentry"],"acf":[],"yoast_head":"<!-- This site is optimized with the Yoast SEO plugin v27.3 - https:\/\/yoast.com\/product\/yoast-seo-wordpress\/ -->\n<title>Pogoji uporabe<\/title>\n<meta name=\"robots\" content=\"index, follow, max-snippet:-1, max-image-preview:large, max-video-preview:-1\" \/>\n<link rel=\"canonical\" href=\"https:\/\/ziva-voda.com\/blog\/pogoji-uporabe\/\" \/>\n<meta property=\"og:locale\" content=\"sl_SI\" \/>\n<meta property=\"og:type\" content=\"article\" \/>\n<meta property=\"og:title\" content=\"Pogoji uporabe\" \/>\n<meta property=\"og:description\" content=\"Dobrodo\u0161li na Blogu spletnega mesta Ziva-voda.com Spletno mesto je bilo postavljeno z namenom obve\u0161\u010danja \u0161ir\u0161e javnosti o produktih tipa MAP, FHES in probiotikov, ki temeljijo na tehnologiji EM. Prosimo vas, da kot obiskovalec in uporabnik na\u0161ega spletnega mesta, upo\u0161tevate spodaj na\u0161tete pogoje. S pregledovanjem ali uporabljanjem tega spletnega mesta potrjujete, da ste pogoje prebrali, da [&hellip;]\" \/>\n<meta property=\"og:url\" content=\"https:\/\/ziva-voda.com\/blog\/pogoji-uporabe\/\" \/>\n<meta property=\"og:site_name\" content=\"\u017diva Voda Blog\" \/>\n<meta property=\"article:publisher\" content=\"https:\/\/sl-si.facebook.com\/zivavoda.megahydrate\" \/>\n<meta property=\"article:modified_time\" content=\"2015-07-03T17:41:57+00:00\" \/>\n<meta name=\"twitter:card\" content=\"summary_large_image\" \/>\n<meta name=\"twitter:site\" content=\"@zivavoda\" \/>\n<meta name=\"twitter:label1\" content=\"Est. reading time\" \/>\n\t<meta name=\"twitter:data1\" content=\"5 minut\" \/>\n<script type=\"application\/ld+json\" class=\"yoast-schema-graph\">{\"@context\":\"https:\\\/\\\/schema.org\",\"@graph\":[{\"@type\":\"WebPage\",\"@id\":\"https:\\\/\\\/ziva-voda.com\\\/blog\\\/pogoji-uporabe\\\/\",\"url\":\"https:\\\/\\\/ziva-voda.com\\\/blog\\\/pogoji-uporabe\\\/\",\"name\":\"Pogoji uporabe\",\"isPartOf\":{\"@id\":\"https:\\\/\\\/ziva-voda.com\\\/blog\\\/#website\"},\"datePublished\":\"2015-06-07T21:18:16+00:00\",\"dateModified\":\"2015-07-03T17:41:57+00:00\",\"breadcrumb\":{\"@id\":\"https:\\\/\\\/ziva-voda.com\\\/blog\\\/pogoji-uporabe\\\/#breadcrumb\"},\"inLanguage\":\"sl-SI\",\"potentialAction\":[{\"@type\":\"ReadAction\",\"target\":[\"https:\\\/\\\/ziva-voda.com\\\/blog\\\/pogoji-uporabe\\\/\"]}]},{\"@type\":\"BreadcrumbList\",\"@id\":\"https:\\\/\\\/ziva-voda.com\\\/blog\\\/pogoji-uporabe\\\/#breadcrumb\",\"itemListElement\":[{\"@type\":\"ListItem\",\"position\":1,\"name\":\"Domov\",\"item\":\"https:\\\/\\\/ziva-voda.com\\\/blog\\\/\"},{\"@type\":\"ListItem\",\"position\":2,\"name\":\"Pogoji uporabe\"}]},{\"@type\":\"WebSite\",\"@id\":\"https:\\\/\\\/ziva-voda.com\\\/blog\\\/#website\",\"url\":\"https:\\\/\\\/ziva-voda.com\\\/blog\\\/\",\"name\":\"\u017diva Voda Blog\",\"description\":\"Male Skrivnosti za Ve\u010d Energije in Bolj\u0161e Po\u010dutje\",\"potentialAction\":[{\"@type\":\"SearchAction\",\"target\":{\"@type\":\"EntryPoint\",\"urlTemplate\":\"https:\\\/\\\/ziva-voda.com\\\/blog\\\/?s={search_term_string}\"},\"query-input\":{\"@type\":\"PropertyValueSpecification\",\"valueRequired\":true,\"valueName\":\"search_term_string\"}}],\"inLanguage\":\"sl-SI\"}]}<\/script>\n<!-- \/ Yoast SEO plugin. -->","yoast_head_json":{"title":"Pogoji uporabe","robots":{"index":"index","follow":"follow","max-snippet":"max-snippet:-1","max-image-preview":"max-image-preview:large","max-video-preview":"max-video-preview:-1"},"canonical":"https:\/\/ziva-voda.com\/blog\/pogoji-uporabe\/","og_locale":"sl_SI","og_type":"article","og_title":"Pogoji uporabe","og_description":"Dobrodo\u0161li na Blogu spletnega mesta Ziva-voda.com Spletno mesto je bilo postavljeno z namenom obve\u0161\u010danja \u0161ir\u0161e javnosti o produktih tipa MAP, FHES in probiotikov, ki temeljijo na tehnologiji EM. Prosimo vas, da kot obiskovalec in uporabnik na\u0161ega spletnega mesta, upo\u0161tevate spodaj na\u0161tete pogoje. S pregledovanjem ali uporabljanjem tega spletnega mesta potrjujete, da ste pogoje prebrali, da [&hellip;]","og_url":"https:\/\/ziva-voda.com\/blog\/pogoji-uporabe\/","og_site_name":"\u017diva Voda Blog","article_publisher":"https:\/\/sl-si.facebook.com\/zivavoda.megahydrate","article_modified_time":"2015-07-03T17:41:57+00:00","twitter_card":"summary_large_image","twitter_site":"@zivavoda","twitter_misc":{"Est. reading time":"5 minut"},"schema":{"@context":"https:\/\/schema.org","@graph":[{"@type":"WebPage","@id":"https:\/\/ziva-voda.com\/blog\/pogoji-uporabe\/","url":"https:\/\/ziva-voda.com\/blog\/pogoji-uporabe\/","name":"Pogoji uporabe","isPartOf":{"@id":"https:\/\/ziva-voda.com\/blog\/#website"},"datePublished":"2015-06-07T21:18:16+00:00","dateModified":"2015-07-03T17:41:57+00:00","breadcrumb":{"@id":"https:\/\/ziva-voda.com\/blog\/pogoji-uporabe\/#breadcrumb"},"inLanguage":"sl-SI","potentialAction":[{"@type":"ReadAction","target":["https:\/\/ziva-voda.com\/blog\/pogoji-uporabe\/"]}]},{"@type":"BreadcrumbList","@id":"https:\/\/ziva-voda.com\/blog\/pogoji-uporabe\/#breadcrumb","itemListElement":[{"@type":"ListItem","position":1,"name":"Domov","item":"https:\/\/ziva-voda.com\/blog\/"},{"@type":"ListItem","position":2,"name":"Pogoji uporabe"}]},{"@type":"WebSite","@id":"https:\/\/ziva-voda.com\/blog\/#website","url":"https:\/\/ziva-voda.com\/blog\/","name":"\u017diva Voda Blog","description":"Male Skrivnosti za Ve\u010d Energije in Bolj\u0161e Po\u010dutje","potentialAction":[{"@type":"SearchAction","target":{"@type":"EntryPoint","urlTemplate":"https:\/\/ziva-voda.com\/blog\/?s={search_term_string}"},"query-input":{"@type":"PropertyValueSpecification","valueRequired":true,"valueName":"search_term_string"}}],"inLanguage":"sl-SI"}]}},"_links":{"self":[{"href":"https:\/\/ziva-voda.com\/blog\/wp-json\/wp\/v2\/pages\/856","targetHints":{"allow":["GET"]}}],"collection":[{"href":"https:\/\/ziva-voda.com\/blog\/wp-json\/wp\/v2\/pages"}],"about":[{"href":"https:\/\/ziva-voda.com\/blog\/wp-json\/wp\/v2\/types\/page"}],"author":[{"embeddable":true,"href":"https:\/\/ziva-voda.com\/blog\/wp-json\/wp\/v2\/users\/88889"}],"replies":[{"embeddable":true,"href":"https:\/\/ziva-voda.com\/blog\/wp-json\/wp\/v2\/comments?post=856"}],"version-history":[{"count":0,"href":"https:\/\/ziva-voda.com\/blog\/wp-json\/wp\/v2\/pages\/856\/revisions"}],"wp:attachment":[{"href":"https:\/\/ziva-voda.com\/blog\/wp-json\/wp\/v2\/media?parent=856"}],"curies":[{"name":"wp","href":"https:\/\/api.w.org\/{rel}","templated":true}]}}