{"id":718,"date":"2015-01-31T10:15:38","date_gmt":"2015-01-31T17:15:38","guid":{"rendered":"https:\/\/www.ziva-voda.com\/blog\/?page_id=718"},"modified":"2018-12-27T15:44:38","modified_gmt":"2018-12-27T13:44:38","slug":"youtube","status":"publish","type":"page","link":"https:\/\/ziva-voda.com\/blog\/youtube\/","title":{"rendered":"Videoposnetki"},"content":{"rendered":"<div class=\"lyte-wrapper fourthree\" title=\"Playlist: MAP beljakovine\" style=\"width:480px;max-width:100%;margin:5px auto;\"><div class=\"lyMe playlist\" id=\"WYL_PLXoGaDwjVQztUF3ULO-oOjIQ1cbYxM-9U\"><div id=\"lyte_PLXoGaDwjVQztUF3ULO-oOjIQ1cbYxM-9U\" data-src=\"https:\/\/i.ytimg.com\/vi\/5dhdTHeSrCc\/hqdefault.jpg\" class=\"pL\"><div class=\"tC\"><div class=\"tT\">Playlist: MAP beljakovine<\/div><\/div><div class=\"play\"><\/div><div class=\"ctrl\"><div class=\"Lctrl\"><\/div><div class=\"Rctrl\"><\/div><\/div><\/div><noscript><a href=\"https:\/\/youtube.com\/playlist?list=PLXoGaDwjVQztUF3ULO-oOjIQ1cbYxM-9U\" rel=\"nofollow\"><br \/>Oglej si seznam predvajanja na YouTube<\/a><\/noscript><\/div><\/div><\/p>\n<div class=\"lyte-wrapper fourthree\" title=\"Playlist: Huj&scaron;anje\" style=\"width:480px;max-width:100%;margin:5px auto;\"><div class=\"lyMe playlist\" id=\"WYL_PLXoGaDwjVQztXuR0lTCgt9lVlMYrazEwa\"><div id=\"lyte_PLXoGaDwjVQztXuR0lTCgt9lVlMYrazEwa\" data-src=\"https:\/\/i.ytimg.com\/vi\/c2pUnepPg94\/hqdefault.jpg\" class=\"pL\"><div class=\"tC\"><div class=\"tT\">Playlist: Huj\u0161anje<\/div><\/div><div class=\"play\"><\/div><div class=\"ctrl\"><div class=\"Lctrl\"><\/div><div class=\"Rctrl\"><\/div><\/div><\/div><noscript><a href=\"https:\/\/youtube.com\/playlist?list=PLXoGaDwjVQztXuR0lTCgt9lVlMYrazEwa\" rel=\"nofollow\"><br \/>Oglej si seznam predvajanja na YouTube<\/a><\/noscript><\/div><\/div><\/p>\n<div class=\"lyte-wrapper fourthree\" title=\"Playlist: Ma&scaron;\u010dobe za Zdravje Telesa in Duha\" style=\"width:480px;max-width:100%;margin:5px auto;\"><div class=\"lyMe playlist\" id=\"WYL_PLXoGaDwjVQzvsZ-2-JyBcmwWq8J4Oeu7C\"><div id=\"lyte_PLXoGaDwjVQzvsZ-2-JyBcmwWq8J4Oeu7C\" data-src=\"https:\/\/i.ytimg.com\/vi\/_3xWpnovdsQ\/hqdefault.jpg\" class=\"pL\"><div class=\"tC\"><div class=\"tT\">Playlist: Ma\u0161\u010dobe za Zdravje Telesa in Duha<\/div><\/div><div class=\"play\"><\/div><div class=\"ctrl\"><div class=\"Lctrl\"><\/div><div class=\"Rctrl\"><\/div><\/div><\/div><noscript><a href=\"https:\/\/youtube.com\/playlist?list=PLXoGaDwjVQzvsZ-2-JyBcmwWq8J4Oeu7C\" rel=\"nofollow\"><br \/>Oglej si seznam predvajanja na YouTube<\/a><\/noscript><\/div><\/div><\/p>\n<div class=\"lyte-wrapper fourthree\" title=\"Playlist: \u017dive Vode\" style=\"width:480px;max-width:100%;margin:5px auto;\"><div class=\"lyMe playlist\" id=\"WYL_PLXoGaDwjVQzuX72BPhAhddPSnmuXItmCb\"><div id=\"lyte_PLXoGaDwjVQzuX72BPhAhddPSnmuXItmCb\" data-src=\"https:\/\/i.ytimg.com\/vi\/CaG6PEwXhBU\/hqdefault.jpg\" class=\"pL\"><div class=\"tC\"><div class=\"tT\">Playlist: \u017dive Vode<\/div><\/div><div class=\"play\"><\/div><div class=\"ctrl\"><div class=\"Lctrl\"><\/div><div class=\"Rctrl\"><\/div><\/div><\/div><noscript><a href=\"https:\/\/youtube.com\/playlist?list=PLXoGaDwjVQzuX72BPhAhddPSnmuXItmCb\" rel=\"nofollow\"><br \/>Oglej si seznam predvajanja na YouTube<\/a><\/noscript><\/div><\/div><\/p>\n<div class=\"lyte-wrapper fourthree\" title=\"Playlist: Blagor iz \u010crevesja\" style=\"width:480px;max-width:100%;margin:5px auto;\"><div class=\"lyMe playlist\" id=\"WYL_PLXoGaDwjVQzujhjfSx0KnqSlaFhrErlus\"><div id=\"lyte_PLXoGaDwjVQzujhjfSx0KnqSlaFhrErlus\" data-src=\"https:\/\/i.ytimg.com\/vi\/8tZqbjmDzU0\/hqdefault.jpg\" class=\"pL\"><div class=\"tC\"><div class=\"tT\">Playlist: Blagor iz \u010crevesja<\/div><\/div><div class=\"play\"><\/div><div class=\"ctrl\"><div class=\"Lctrl\"><\/div><div class=\"Rctrl\"><\/div><\/div><\/div><noscript><a href=\"https:\/\/youtube.com\/playlist?list=PLXoGaDwjVQzujhjfSx0KnqSlaFhrErlus\" rel=\"nofollow\"><br \/>Oglej si seznam predvajanja na YouTube<\/a><\/noscript><\/div><\/div><\/p>\n<div class=\"lyte-wrapper fourthree\" title=\"Playlist: Polnovredni Post\" style=\"width:480px;max-width:100%;margin:5px auto;\"><div class=\"lyMe playlist\" id=\"WYL_PLXoGaDwjVQzuvx7S2b1fBPDV8KcsIPXaD\"><div id=\"lyte_PLXoGaDwjVQzuvx7S2b1fBPDV8KcsIPXaD\" data-src=\"https:\/\/i.ytimg.com\/vi\/HVU6Hvud8dI\/hqdefault.jpg\" class=\"pL\"><div class=\"tC\"><div class=\"tT\">Playlist: Polnovredni Post<\/div><\/div><div class=\"play\"><\/div><div class=\"ctrl\"><div class=\"Lctrl\"><\/div><div class=\"Rctrl\"><\/div><\/div><\/div><noscript><a href=\"https:\/\/youtube.com\/playlist?list=PLXoGaDwjVQzuvx7S2b1fBPDV8KcsIPXaD\" rel=\"nofollow\"><br \/>Oglej si seznam predvajanja na YouTube<\/a><\/noscript><\/div><\/div><\/p>\n<div class=\"lyte-wrapper fourthree\" title=\"Presno Sadna Prehrana - dr.Iztok Ostan - 1.del\" style=\"width:480px;max-width:100%;margin:5px auto;\"><div class=\"lyMe\" id=\"WYL_yDuLGyFAJg0\" itemprop=\"video\" itemscope itemtype=\"https:\/\/schema.org\/VideoObject\"><div><meta itemprop=\"thumbnailUrl\" content=\"https:\/\/i.ytimg.com\/vi\/yDuLGyFAJg0\/hqdefault.jpg\" \/><meta itemprop=\"embedURL\" content=\"https:\/\/www.youtube.com\/embed\/yDuLGyFAJg0\" \/><meta itemprop=\"duration\" content=\"PT31M50S\" \/><meta itemprop=\"uploadDate\" content=\"2014-09-09T18:35:00.000Z\" \/><\/div><div id=\"lyte_yDuLGyFAJg0\" data-src=\"https:\/\/i.ytimg.com\/vi\/yDuLGyFAJg0\/hqdefault.jpg\" class=\"pL\"><div class=\"tC\"><div class=\"tT\" itemprop=\"name\">Presno Sadna Prehrana - dr.Iztok Ostan - 1.del<\/div><\/div><div class=\"play\"><\/div><div class=\"ctrl\"><div class=\"Lctrl\"><\/div><div class=\"Rctrl\"><\/div><\/div><\/div><noscript><a href=\"https:\/\/youtu.be\/yDuLGyFAJg0\" rel=\"nofollow\"><img decoding=\"async\" src=\"https:\/\/i.ytimg.com\/vi\/yDuLGyFAJg0\/0.jpg\" alt=\"Presno Sadna Prehrana - dr.Iztok Ostan - 1.del\" width=\"480\" height=\"340\" \/><br \/>Oglej si posnetek na YouTube<\/a><\/noscript><meta itemprop=\"description\" content=\"Razstrupljanje s sadnimi\/presnimi dnevi - Poglejte si: 1.del: Iz zgodovine izklju\u010dno surove prehrane, Sre\u010danjez dr.Iztokom ostanom Izvedeli boste: Kako lahko hrano delimo na celostno (nizko oz. sploh ni procesirana hrana, integralna) in hitro (visoko procesirana) hrano Katera je na\u0161a naravna prehrana? Kako se je skozi zgodovino spreminjala \u010dlove\u0161ka prehrana: - \u017eu\u017ekojedstvo, - sadjejedstvo (nabrano surovo sadje in mladi listi), - paleolitska (lov-nabiralni\u0161tvo-deloma kuhana hrana), - neolitska (kme\u010dka hrana) Katera je primernej\u0161a hrana za nas? Zakaj nas kuhana hrana, sladkor in po\u017eivila (alkohol..) bolj pritegnejo, in kako je to povezano z bolj\u0161o reprodukcijo in na\u0161im &quot;Sebi\u010dnim genom&quot;.\"><\/div><\/div><div class=\"lL\" style=\"max-width:100%;width:480px;margin:5px auto;\"><\/div><\/p>\n","protected":false},"excerpt":{"rendered":"","protected":false},"author":88889,"featured_media":0,"parent":0,"menu_order":0,"comment_status":"open","ping_status":"open","template":"","meta":{"_acf_changed":false,"_et_pb_use_builder":"","_et_pb_old_content":"","_et_gb_content_width":"","footnotes":""},"class_list":["post-718","page","type-page","status-publish","hentry"],"acf":[],"yoast_head":"<!-- This site is optimized with the Yoast SEO plugin v27.3 - https:\/\/yoast.com\/product\/yoast-seo-wordpress\/ -->\n<title>Videoposnetki dr.Iztoka Ostana in gostov na Youtube-u<\/title>\n<meta name=\"description\" content=\"Videoposnetkih Seminarjev in Predavanj dr.Iztoka Ostana na temo Huj\u0161anja, Postenja, \u017dive Vode, MAP Beljakovin\" \/>\n<meta name=\"robots\" content=\"index, follow, max-snippet:-1, max-image-preview:large, max-video-preview:-1\" \/>\n<link rel=\"canonical\" href=\"https:\/\/ziva-voda.com\/blog\/youtube\/\" \/>\n<meta property=\"og:locale\" content=\"sl_SI\" \/>\n<meta property=\"og:type\" content=\"article\" \/>\n<meta property=\"og:title\" content=\"Videoposnetki dr.Iztoka Ostana in gostov na Youtube-u\" \/>\n<meta property=\"og:description\" content=\"Videoposnetkih Seminarjev in Predavanj dr.Iztoka Ostana na temo Huj\u0161anja, Postenja, \u017dive Vode, MAP Beljakovin\" \/>\n<meta property=\"og:url\" content=\"https:\/\/ziva-voda.com\/blog\/youtube\/\" \/>\n<meta property=\"og:site_name\" content=\"\u017diva Voda Blog\" \/>\n<meta property=\"article:publisher\" content=\"https:\/\/sl-si.facebook.com\/zivavoda.megahydrate\" \/>\n<meta property=\"article:modified_time\" content=\"2018-12-27T13:44:38+00:00\" \/>\n<meta name=\"twitter:card\" content=\"summary_large_image\" \/>\n<meta name=\"twitter:site\" content=\"@zivavoda\" \/>\n<script type=\"application\/ld+json\" class=\"yoast-schema-graph\">{\"@context\":\"https:\\\/\\\/schema.org\",\"@graph\":[{\"@type\":\"WebPage\",\"@id\":\"https:\\\/\\\/ziva-voda.com\\\/blog\\\/youtube\\\/\",\"url\":\"https:\\\/\\\/ziva-voda.com\\\/blog\\\/youtube\\\/\",\"name\":\"Videoposnetki dr.Iztoka Ostana in gostov na Youtube-u\",\"isPartOf\":{\"@id\":\"https:\\\/\\\/ziva-voda.com\\\/blog\\\/#website\"},\"datePublished\":\"2015-01-31T17:15:38+00:00\",\"dateModified\":\"2018-12-27T13:44:38+00:00\",\"description\":\"Videoposnetkih Seminarjev in Predavanj dr.Iztoka Ostana na temo Huj\u0161anja, Postenja, \u017dive Vode, MAP Beljakovin\",\"breadcrumb\":{\"@id\":\"https:\\\/\\\/ziva-voda.com\\\/blog\\\/youtube\\\/#breadcrumb\"},\"inLanguage\":\"sl-SI\",\"potentialAction\":[{\"@type\":\"ReadAction\",\"target\":[\"https:\\\/\\\/ziva-voda.com\\\/blog\\\/youtube\\\/\"]}]},{\"@type\":\"BreadcrumbList\",\"@id\":\"https:\\\/\\\/ziva-voda.com\\\/blog\\\/youtube\\\/#breadcrumb\",\"itemListElement\":[{\"@type\":\"ListItem\",\"position\":1,\"name\":\"Domov\",\"item\":\"https:\\\/\\\/ziva-voda.com\\\/blog\\\/\"},{\"@type\":\"ListItem\",\"position\":2,\"name\":\"Videoposnetki\"}]},{\"@type\":\"WebSite\",\"@id\":\"https:\\\/\\\/ziva-voda.com\\\/blog\\\/#website\",\"url\":\"https:\\\/\\\/ziva-voda.com\\\/blog\\\/\",\"name\":\"\u017diva Voda Blog\",\"description\":\"Male Skrivnosti za Ve\u010d Energije in Bolj\u0161e Po\u010dutje\",\"potentialAction\":[{\"@type\":\"SearchAction\",\"target\":{\"@type\":\"EntryPoint\",\"urlTemplate\":\"https:\\\/\\\/ziva-voda.com\\\/blog\\\/?s={search_term_string}\"},\"query-input\":{\"@type\":\"PropertyValueSpecification\",\"valueRequired\":true,\"valueName\":\"search_term_string\"}}],\"inLanguage\":\"sl-SI\"}]}<\/script>\n<!-- \/ Yoast SEO plugin. -->","yoast_head_json":{"title":"Videoposnetki dr.Iztoka Ostana in gostov na Youtube-u","description":"Videoposnetkih Seminarjev in Predavanj dr.Iztoka Ostana na temo Huj\u0161anja, Postenja, \u017dive Vode, MAP Beljakovin","robots":{"index":"index","follow":"follow","max-snippet":"max-snippet:-1","max-image-preview":"max-image-preview:large","max-video-preview":"max-video-preview:-1"},"canonical":"https:\/\/ziva-voda.com\/blog\/youtube\/","og_locale":"sl_SI","og_type":"article","og_title":"Videoposnetki dr.Iztoka Ostana in gostov na Youtube-u","og_description":"Videoposnetkih Seminarjev in Predavanj dr.Iztoka Ostana na temo Huj\u0161anja, Postenja, \u017dive Vode, MAP Beljakovin","og_url":"https:\/\/ziva-voda.com\/blog\/youtube\/","og_site_name":"\u017diva Voda Blog","article_publisher":"https:\/\/sl-si.facebook.com\/zivavoda.megahydrate","article_modified_time":"2018-12-27T13:44:38+00:00","twitter_card":"summary_large_image","twitter_site":"@zivavoda","schema":{"@context":"https:\/\/schema.org","@graph":[{"@type":"WebPage","@id":"https:\/\/ziva-voda.com\/blog\/youtube\/","url":"https:\/\/ziva-voda.com\/blog\/youtube\/","name":"Videoposnetki dr.Iztoka Ostana in gostov na Youtube-u","isPartOf":{"@id":"https:\/\/ziva-voda.com\/blog\/#website"},"datePublished":"2015-01-31T17:15:38+00:00","dateModified":"2018-12-27T13:44:38+00:00","description":"Videoposnetkih Seminarjev in Predavanj dr.Iztoka Ostana na temo Huj\u0161anja, Postenja, \u017dive Vode, MAP Beljakovin","breadcrumb":{"@id":"https:\/\/ziva-voda.com\/blog\/youtube\/#breadcrumb"},"inLanguage":"sl-SI","potentialAction":[{"@type":"ReadAction","target":["https:\/\/ziva-voda.com\/blog\/youtube\/"]}]},{"@type":"BreadcrumbList","@id":"https:\/\/ziva-voda.com\/blog\/youtube\/#breadcrumb","itemListElement":[{"@type":"ListItem","position":1,"name":"Domov","item":"https:\/\/ziva-voda.com\/blog\/"},{"@type":"ListItem","position":2,"name":"Videoposnetki"}]},{"@type":"WebSite","@id":"https:\/\/ziva-voda.com\/blog\/#website","url":"https:\/\/ziva-voda.com\/blog\/","name":"\u017diva Voda Blog","description":"Male Skrivnosti za Ve\u010d Energije in Bolj\u0161e Po\u010dutje","potentialAction":[{"@type":"SearchAction","target":{"@type":"EntryPoint","urlTemplate":"https:\/\/ziva-voda.com\/blog\/?s={search_term_string}"},"query-input":{"@type":"PropertyValueSpecification","valueRequired":true,"valueName":"search_term_string"}}],"inLanguage":"sl-SI"}]}},"_links":{"self":[{"href":"https:\/\/ziva-voda.com\/blog\/wp-json\/wp\/v2\/pages\/718","targetHints":{"allow":["GET"]}}],"collection":[{"href":"https:\/\/ziva-voda.com\/blog\/wp-json\/wp\/v2\/pages"}],"about":[{"href":"https:\/\/ziva-voda.com\/blog\/wp-json\/wp\/v2\/types\/page"}],"author":[{"embeddable":true,"href":"https:\/\/ziva-voda.com\/blog\/wp-json\/wp\/v2\/users\/88889"}],"replies":[{"embeddable":true,"href":"https:\/\/ziva-voda.com\/blog\/wp-json\/wp\/v2\/comments?post=718"}],"version-history":[{"count":0,"href":"https:\/\/ziva-voda.com\/blog\/wp-json\/wp\/v2\/pages\/718\/revisions"}],"wp:attachment":[{"href":"https:\/\/ziva-voda.com\/blog\/wp-json\/wp\/v2\/media?parent=718"}],"curies":[{"name":"wp","href":"https:\/\/api.w.org\/{rel}","templated":true}]}}