{"id":250,"date":"2012-11-25T14:42:13","date_gmt":"2012-11-25T21:42:13","guid":{"rendered":"https:\/\/www.ziva-voda.com\/blog\/?page_id=250"},"modified":"2022-04-25T23:50:44","modified_gmt":"2022-04-25T21:50:44","slug":"vita-biosa","status":"publish","type":"page","link":"https:\/\/ziva-voda.com\/blog\/vita-biosa\/","title":{"rendered":"Vita Biosa"},"content":{"rendered":"<div id=\"attachment_1854\" style=\"width: 197px\" class=\"wp-caption alignleft\"><a href=\"https:\/\/www.probiotik.si\/kaj-je-vita-biosa\/\"><img decoding=\"async\" aria-describedby=\"caption-attachment-1854\" class=\"wp-image-1854 size-medium lazyload\" data-src=\"https:\/\/ziva-voda.com\/blog\/wp-content\/uploads\/Vita_Biosa_Zeliscna-187x300.png\" alt=\"Vita Biosa Zeli\u0161\u010dna\" width=\"187\" height=\"300\" data-srcset=\"https:\/\/ziva-voda.com\/blog\/wp-content\/uploads\/Vita_Biosa_Zeliscna-187x300.png 187w, https:\/\/ziva-voda.com\/blog\/wp-content\/uploads\/Vita_Biosa_Zeliscna.png 373w\" data-sizes=\"(max-width: 187px) 100vw, 187px\" src=\"data:image\/svg+xml;base64,PHN2ZyB3aWR0aD0iMSIgaGVpZ2h0PSIxIiB4bWxucz0iaHR0cDovL3d3dy53My5vcmcvMjAwMC9zdmciPjwvc3ZnPg==\" style=\"--smush-placeholder-width: 187px; --smush-placeholder-aspect-ratio: 187\/300;\" \/><\/a><p id=\"caption-attachment-1854\" class=\"wp-caption-text\">Vita Biosa (v plastenki 0,5l)<\/p><\/div>\n<p>Bakterije so potrebne, da nas ubranijo pred zbolevanjem. \u010ce na na\u0161i ko\u017ei manjkajo bakterije, lahko dobimo infekcije in ko\u017ene bolezni. Dr.C.V. Hansen, Danska, kateremu so mu postavili diagnozo diabetes tip 1, meni, \u010de bakterije manjkajo na stenah na\u0161ega \u010drevesja, da smo izpostavljeni dokaj hitremu umiranju zaradi infekcij. Ker izgubimo odpornost, ko na\u0161 imunski sistem ne bi bil ve\u010d stimuliran s strani bakterij v na\u0161em \u010drevesju.<\/p>\n<p>Vita Biosa\u00ae je skupnost aromati\u010dnih zeli\u0161\u010d in drugih rastlin, ki so fermentirane s posebno kombinacijo kultur mle\u010dnih kislin med drugim tudi L. acidophilus, L. casei, Bifidobacterium bifidum. Proizvajanje mle\u010dne kisline daje nizko pH vrednost pribli\u017eno 3.5, ki efektivno zavira razvoj \u0161kodljivih bakterij (bacilov in patogenov). Vita Biosa\u00ae je v pomo\u010d tudi pri zdravljenju diabetesa. Bakterije mle\u010dnih kislin so sladkor v napitku fermentirale, zato je za diabetike tudi primeren.<\/p>\n<p>Razlog, da je Vita Biosa\u00ae postala tako popularna, je njena zmo\u017enost, da hito in efektivno obnovi naravno ravnovesje v prebavnem sistemu. Po doma\u010de povedano, dobre bakterije Vita Biose rastejo in zavirajo &#8220;ta slabe&#8221; s tekmovalnim izklju\u010devanjem. Teko\u010dina ovira razvoj \u0161kodljivih bakterij, zato daje koristnim bolj\u0161e mo\u017enosti za razmno\u017eevanje in kreiranje zdrave \u010drevesne flore. \u010crevesje je tesno povezano s celotnim imunskim sistemom, kar je razlog za krepilne u\u010dinke Vita Biose\u00ae, ki ga ima na artritis, migrene, astmo, splo\u0161ne plju\u010dne bolezni, dolo\u010dene ekceme in infekcijska stanja.<\/p>\n<p>Dobro uravnove\u0161en prebavni sistem pomaga prepre\u010diti in ozdraviti \u010dlove\u0161ke bolezni. Nekateri uporabniki poro\u010dajo, da je med drugim Vita Biosa\u00ae u\u010dinkovita pri boleznih kot so Kronova bolezen, ulcerativni kolitis, diabetes, sinusitis, bronhialne infekcije in psoriaza. Uporabniki, ki so na kemoterapiji poro\u010dajo, da Vita Biosa\u00ae in kemoterapija delujejo dobro skupaj, z analizami, ki ka\u017eejo na veliko hitrej\u0161e okrevanje krvnih celic.<\/p>\n<p style=\"text-align: center;\"><strong><a title=\"Brezpla\u010dna Knjiga o Vita Biosi in Probiotikih\" href=\"https:\/\/www.probiotik.si\/knjiga\/\" target=\"_blank\" rel=\"noopener\"><span style=\"color: #0000ff;\">Ve\u010d o Vita Biosi si lahko preberete Tukaj<\/span><\/a><\/strong><\/p>\n<p style=\"text-align: left;\">(<em>Vir: Prevedeno s strani <a href=\"https:\/\/www.vitabiosa.com\/about.html\" target=\"_blank\" rel=\"noopener\">https:\/\/www.vitabiosa.com\/about.html<\/a><\/em>) Za dodatne informacije si preberite <a title=\"Kako probiotiki delujejo v va\u0161em telesu\" href=\"https:\/\/www.vitabiosa.com\/BL_BK.pdf\" target=\"_blank\" rel=\"external noopener\"><br \/>\nReview on how Probiotic work in your body, by the German Dr. B. Kaun, Corsan GbR.<\/a><\/p>\n<h3><strong><span style=\"color: #0000ff;\">Kako u\u017eivamo probiotik Vita Biosa?<\/span> <\/strong><\/h3>\n<p>Probioti\u010dni napitek Vita Biosa sodi v skupino probiotikov tipa EM. Vsebuje izvle\u010dke 19 vrst zeli biolo\u0161ke pridelave in posebno kombinacijo 8 vrst probioti\u010dnih bakterij v visokih koncentracijah (ve\u010d kot 100 mio na ml). Lahko ga u\u017eivamo ve\u010dkrat dnevno po 0,2 &#8211; 0,5 dl. Koli\u010dino lahko merimo z zama\u0161kom (ta meri 0,1 dl). Za terapevtske u\u010dinke je dovolj u\u017eiti do 1 dl dnevno. Ni nevarnosti prekora\u010ditve priporo\u010dene koli\u010dine.<\/p>\n<p>Po na\u0161ih izku\u0161njah se pri odmerku 0,5 dl dnevno vonj blata izrazito izbolj\u0161a \u017ee v nekaj dneh. To je znak uravnote\u017eenosti \u010drevesne flore. Probiotike je najbolje u\u017eiti na te\u0161\u010de ali med obroki, saj se sicer predolgo zadr\u017eujejo v \u017eelodcu. Idealno je, \u010de probiotiku sledi u\u017eivanje sadja ali sve\u017eih sokov. Sve\u017ee vlaknine so namre\u010d hrana za dobro \u010drevesno floro.<\/p>\n<p>Vita Biosa je po okusu zelo kisla. Nizek pH (3,5) je osnova za konzerviranje mikroorganizmov v njej. Ko odpremo stekleni\u010dko, jo je treba shraniti v hladilniku. Kisel okus Vita Biose je za nekatere neprijeten (zlasti za otroke). Zato jo lahko red\u010dimo z vodo. Mi ga radi prime\u0161amo v jutranji gosti sve\u017ei sok (smoothy) z banano in drugim sadjem. Kislost se tako povsem zabri\u0161e in daje celo prijetnost napitku, kot da bi kanili vanj limonin sok.<\/p>\n<p><strong>1 plastenka 0,5l Vita Biose<\/strong> je <strong>18,99 eur<\/strong> oz. \u010de vzamete vsaj <strong>3 komade je 16,99 eur\/kom.<\/strong><\/p>\n<h3><a name=\"obrazec\"><\/a><span style=\"color: #0000ff;\"><strong>Za naro\u010dilo izpolnite obrazec<\/strong><\/span><\/h3>\n<p>Na spletni strani <a title=\"Naro\u010dilo Vita Biose\" href=\"https:\/\/www.probiotik.si\/nakup\/\" target=\"_blank\" rel=\"noopener\">Probiotik.si<\/a><\/p>\n<p>Za tiste, ki vas zanimajo tudi FHES in MAP beljakovine:<\/p>\n<p>Cene za MAP in Megahydrate lahko <a title=\"Cenik MAP in MegaHydrate\" href=\"https:\/\/megahydrate.si\/nakup\" target=\"_blank\" rel=\"noopener\">preverite tukaj<\/a>.<\/p>\n","protected":false},"excerpt":{"rendered":"<p>Bakterije so potrebne, da nas ubranijo pred zbolevanjem. \u010ce na na\u0161i ko\u017ei manjkajo bakterije, lahko dobimo infekcije in ko\u017ene bolezni. Dr.C.V. Hansen, Danska, kateremu so mu postavili diagnozo diabetes tip 1, meni, \u010de bakterije manjkajo na stenah na\u0161ega \u010drevesja, da smo izpostavljeni dokaj hitremu umiranju zaradi infekcij. Ker izgubimo odpornost, ko na\u0161 imunski sistem ne [&hellip;]<\/p>\n","protected":false},"author":88889,"featured_media":2473,"parent":0,"menu_order":0,"comment_status":"open","ping_status":"open","template":"","meta":{"_acf_changed":false,"_et_pb_use_builder":"","_et_pb_old_content":"","_et_gb_content_width":"","footnotes":""},"class_list":["post-250","page","type-page","status-publish","has-post-thumbnail","hentry"],"acf":[],"yoast_head":"<!-- This site is optimized with the Yoast SEO plugin v27.5 - https:\/\/yoast.com\/product\/yoast-seo-wordpress\/ -->\n<title>Vita Biosa - Probioti\u010dni Napitek - S kombinacijo 8 vrst probioti\u010dnih bakterij<\/title>\n<meta name=\"description\" content=\"\u010crevesje je povezano z imunskim sistemom. To je razlog za krepilne u\u010dinke Vita Biose pri artritisu, migreni, astmi, plju\u010dnih boleznih, ekcemih in infekcijah\" \/>\n<meta name=\"robots\" content=\"index, follow, max-snippet:-1, max-image-preview:large, max-video-preview:-1\" \/>\n<link rel=\"canonical\" href=\"https:\/\/ziva-voda.com\/blog\/vita-biosa\/\" \/>\n<meta property=\"og:locale\" content=\"sl_SI\" \/>\n<meta property=\"og:type\" content=\"article\" \/>\n<meta property=\"og:title\" content=\"Vita Biosa - Probioti\u010dni Napitek - S kombinacijo 8 vrst probioti\u010dnih bakterij\" \/>\n<meta property=\"og:description\" content=\"\u010crevesje je povezano z imunskim sistemom. To je razlog za krepilne u\u010dinke Vita Biose pri artritisu, migreni, astmi, plju\u010dnih boleznih, ekcemih in infekcijah\" \/>\n<meta property=\"og:url\" content=\"https:\/\/ziva-voda.com\/blog\/vita-biosa\/\" \/>\n<meta property=\"og:site_name\" content=\"\u017diva Voda Blog\" \/>\n<meta property=\"article:publisher\" content=\"https:\/\/sl-si.facebook.com\/zivavoda.megahydrate\" \/>\n<meta property=\"article:modified_time\" content=\"2022-04-25T21:50:44+00:00\" \/>\n<meta property=\"og:image\" content=\"https:\/\/ziva-voda.com\/blog\/wp-content\/uploads\/nova-vita_biosa-Herbs-zeliscna-8-bakterij-3pak.jpg\" \/>\n\t<meta property=\"og:image:width\" content=\"825\" \/>\n\t<meta property=\"og:image:height\" content=\"559\" \/>\n\t<meta property=\"og:image:type\" content=\"image\/jpeg\" \/>\n<meta name=\"twitter:card\" content=\"summary_large_image\" \/>\n<meta name=\"twitter:site\" content=\"@zivavoda\" \/>\n<meta name=\"twitter:label1\" content=\"Est. reading time\" \/>\n\t<meta name=\"twitter:data1\" content=\"3 minute\" \/>\n<script type=\"application\/ld+json\" class=\"yoast-schema-graph\">{\"@context\":\"https:\\\/\\\/schema.org\",\"@graph\":[{\"@type\":\"WebPage\",\"@id\":\"https:\\\/\\\/ziva-voda.com\\\/blog\\\/vita-biosa\\\/\",\"url\":\"https:\\\/\\\/ziva-voda.com\\\/blog\\\/vita-biosa\\\/\",\"name\":\"Vita Biosa - Probioti\u010dni Napitek - S kombinacijo 8 vrst probioti\u010dnih bakterij\",\"isPartOf\":{\"@id\":\"https:\\\/\\\/ziva-voda.com\\\/blog\\\/#website\"},\"primaryImageOfPage\":{\"@id\":\"https:\\\/\\\/ziva-voda.com\\\/blog\\\/vita-biosa\\\/#primaryimage\"},\"image\":{\"@id\":\"https:\\\/\\\/ziva-voda.com\\\/blog\\\/vita-biosa\\\/#primaryimage\"},\"thumbnailUrl\":\"https:\\\/\\\/ziva-voda.com\\\/blog\\\/wp-content\\\/uploads\\\/nova-vita_biosa-Herbs-zeliscna-8-bakterij-3pak.jpg\",\"datePublished\":\"2012-11-25T21:42:13+00:00\",\"dateModified\":\"2022-04-25T21:50:44+00:00\",\"description\":\"\u010crevesje je povezano z imunskim sistemom. To je razlog za krepilne u\u010dinke Vita Biose pri artritisu, migreni, astmi, plju\u010dnih boleznih, ekcemih in infekcijah\",\"breadcrumb\":{\"@id\":\"https:\\\/\\\/ziva-voda.com\\\/blog\\\/vita-biosa\\\/#breadcrumb\"},\"inLanguage\":\"sl-SI\",\"potentialAction\":[{\"@type\":\"ReadAction\",\"target\":[\"https:\\\/\\\/ziva-voda.com\\\/blog\\\/vita-biosa\\\/\"]}]},{\"@type\":\"ImageObject\",\"inLanguage\":\"sl-SI\",\"@id\":\"https:\\\/\\\/ziva-voda.com\\\/blog\\\/vita-biosa\\\/#primaryimage\",\"url\":\"https:\\\/\\\/ziva-voda.com\\\/blog\\\/wp-content\\\/uploads\\\/nova-vita_biosa-Herbs-zeliscna-8-bakterij-3pak.jpg\",\"contentUrl\":\"https:\\\/\\\/ziva-voda.com\\\/blog\\\/wp-content\\\/uploads\\\/nova-vita_biosa-Herbs-zeliscna-8-bakterij-3pak.jpg\",\"width\":825,\"height\":559,\"caption\":\"Vita Biosa 3 razli\u010dna pakiranja\"},{\"@type\":\"BreadcrumbList\",\"@id\":\"https:\\\/\\\/ziva-voda.com\\\/blog\\\/vita-biosa\\\/#breadcrumb\",\"itemListElement\":[{\"@type\":\"ListItem\",\"position\":1,\"name\":\"Domov\",\"item\":\"https:\\\/\\\/ziva-voda.com\\\/blog\\\/\"},{\"@type\":\"ListItem\",\"position\":2,\"name\":\"Vita Biosa\"}]},{\"@type\":\"WebSite\",\"@id\":\"https:\\\/\\\/ziva-voda.com\\\/blog\\\/#website\",\"url\":\"https:\\\/\\\/ziva-voda.com\\\/blog\\\/\",\"name\":\"\u017diva Voda Blog\",\"description\":\"Male Skrivnosti za Ve\u010d Energije in Bolj\u0161e Po\u010dutje\",\"potentialAction\":[{\"@type\":\"SearchAction\",\"target\":{\"@type\":\"EntryPoint\",\"urlTemplate\":\"https:\\\/\\\/ziva-voda.com\\\/blog\\\/?s={search_term_string}\"},\"query-input\":{\"@type\":\"PropertyValueSpecification\",\"valueRequired\":true,\"valueName\":\"search_term_string\"}}],\"inLanguage\":\"sl-SI\"}]}<\/script>\n<!-- \/ Yoast SEO plugin. -->","yoast_head_json":{"title":"Vita Biosa - Probioti\u010dni Napitek - S kombinacijo 8 vrst probioti\u010dnih bakterij","description":"\u010crevesje je povezano z imunskim sistemom. To je razlog za krepilne u\u010dinke Vita Biose pri artritisu, migreni, astmi, plju\u010dnih boleznih, ekcemih in infekcijah","robots":{"index":"index","follow":"follow","max-snippet":"max-snippet:-1","max-image-preview":"max-image-preview:large","max-video-preview":"max-video-preview:-1"},"canonical":"https:\/\/ziva-voda.com\/blog\/vita-biosa\/","og_locale":"sl_SI","og_type":"article","og_title":"Vita Biosa - Probioti\u010dni Napitek - S kombinacijo 8 vrst probioti\u010dnih bakterij","og_description":"\u010crevesje je povezano z imunskim sistemom. To je razlog za krepilne u\u010dinke Vita Biose pri artritisu, migreni, astmi, plju\u010dnih boleznih, ekcemih in infekcijah","og_url":"https:\/\/ziva-voda.com\/blog\/vita-biosa\/","og_site_name":"\u017diva Voda Blog","article_publisher":"https:\/\/sl-si.facebook.com\/zivavoda.megahydrate","article_modified_time":"2022-04-25T21:50:44+00:00","og_image":[{"width":825,"height":559,"url":"https:\/\/ziva-voda.com\/blog\/wp-content\/uploads\/nova-vita_biosa-Herbs-zeliscna-8-bakterij-3pak.jpg","type":"image\/jpeg"}],"twitter_card":"summary_large_image","twitter_site":"@zivavoda","twitter_misc":{"Est. reading time":"3 minute"},"schema":{"@context":"https:\/\/schema.org","@graph":[{"@type":"WebPage","@id":"https:\/\/ziva-voda.com\/blog\/vita-biosa\/","url":"https:\/\/ziva-voda.com\/blog\/vita-biosa\/","name":"Vita Biosa - Probioti\u010dni Napitek - S kombinacijo 8 vrst probioti\u010dnih bakterij","isPartOf":{"@id":"https:\/\/ziva-voda.com\/blog\/#website"},"primaryImageOfPage":{"@id":"https:\/\/ziva-voda.com\/blog\/vita-biosa\/#primaryimage"},"image":{"@id":"https:\/\/ziva-voda.com\/blog\/vita-biosa\/#primaryimage"},"thumbnailUrl":"https:\/\/ziva-voda.com\/blog\/wp-content\/uploads\/nova-vita_biosa-Herbs-zeliscna-8-bakterij-3pak.jpg","datePublished":"2012-11-25T21:42:13+00:00","dateModified":"2022-04-25T21:50:44+00:00","description":"\u010crevesje je povezano z imunskim sistemom. To je razlog za krepilne u\u010dinke Vita Biose pri artritisu, migreni, astmi, plju\u010dnih boleznih, ekcemih in infekcijah","breadcrumb":{"@id":"https:\/\/ziva-voda.com\/blog\/vita-biosa\/#breadcrumb"},"inLanguage":"sl-SI","potentialAction":[{"@type":"ReadAction","target":["https:\/\/ziva-voda.com\/blog\/vita-biosa\/"]}]},{"@type":"ImageObject","inLanguage":"sl-SI","@id":"https:\/\/ziva-voda.com\/blog\/vita-biosa\/#primaryimage","url":"https:\/\/ziva-voda.com\/blog\/wp-content\/uploads\/nova-vita_biosa-Herbs-zeliscna-8-bakterij-3pak.jpg","contentUrl":"https:\/\/ziva-voda.com\/blog\/wp-content\/uploads\/nova-vita_biosa-Herbs-zeliscna-8-bakterij-3pak.jpg","width":825,"height":559,"caption":"Vita Biosa 3 razli\u010dna pakiranja"},{"@type":"BreadcrumbList","@id":"https:\/\/ziva-voda.com\/blog\/vita-biosa\/#breadcrumb","itemListElement":[{"@type":"ListItem","position":1,"name":"Domov","item":"https:\/\/ziva-voda.com\/blog\/"},{"@type":"ListItem","position":2,"name":"Vita Biosa"}]},{"@type":"WebSite","@id":"https:\/\/ziva-voda.com\/blog\/#website","url":"https:\/\/ziva-voda.com\/blog\/","name":"\u017diva Voda Blog","description":"Male Skrivnosti za Ve\u010d Energije in Bolj\u0161e Po\u010dutje","potentialAction":[{"@type":"SearchAction","target":{"@type":"EntryPoint","urlTemplate":"https:\/\/ziva-voda.com\/blog\/?s={search_term_string}"},"query-input":{"@type":"PropertyValueSpecification","valueRequired":true,"valueName":"search_term_string"}}],"inLanguage":"sl-SI"}]}},"_links":{"self":[{"href":"https:\/\/ziva-voda.com\/blog\/wp-json\/wp\/v2\/pages\/250","targetHints":{"allow":["GET"]}}],"collection":[{"href":"https:\/\/ziva-voda.com\/blog\/wp-json\/wp\/v2\/pages"}],"about":[{"href":"https:\/\/ziva-voda.com\/blog\/wp-json\/wp\/v2\/types\/page"}],"author":[{"embeddable":true,"href":"https:\/\/ziva-voda.com\/blog\/wp-json\/wp\/v2\/users\/88889"}],"replies":[{"embeddable":true,"href":"https:\/\/ziva-voda.com\/blog\/wp-json\/wp\/v2\/comments?post=250"}],"version-history":[{"count":0,"href":"https:\/\/ziva-voda.com\/blog\/wp-json\/wp\/v2\/pages\/250\/revisions"}],"wp:featuredmedia":[{"embeddable":true,"href":"https:\/\/ziva-voda.com\/blog\/wp-json\/wp\/v2\/media\/2473"}],"wp:attachment":[{"href":"https:\/\/ziva-voda.com\/blog\/wp-json\/wp\/v2\/media?parent=250"}],"curies":[{"name":"wp","href":"https:\/\/api.w.org\/{rel}","templated":true}]}}