{"id":2395,"date":"2018-05-24T18:06:33","date_gmt":"2018-05-24T16:06:33","guid":{"rendered":"https:\/\/ziva-voda.com\/blog\/?page_id=2395"},"modified":"2020-03-30T22:35:06","modified_gmt":"2020-03-30T20:35:06","slug":"politika-zasebnosti","status":"publish","type":"page","link":"https:\/\/ziva-voda.com\/blog\/politika-zasebnosti\/","title":{"rendered":"Politika varovanja podatkov"},"content":{"rendered":"<div class=\"entry-content\">\n<p>Namen politike zasebnosti spletnega mesta ziva-voda.com je seznanitev obiskovalcev spletnega mesta z nameni in podlago obdelave osebnih podatkov s strani podjetja \u00bbSTUDIO M\u00ab, Trg Franca Fakina 2a, 1420 Trbovlje (v nadaljevanju: Studio M ali upravljavec osebnih podatkov).<\/p>\n<p>Pri podjetju \u00bbStudio M\u00ab cenimo va\u0161o zasebnost, zato va\u0161e podatke vedno skrbno varujemo.<\/p>\n<h3>Katere osebne podatke zbiramo in zakaj jih zbiramo<\/h3>\n<h4>Obdelava podatkov vezanih na naro\u010dilo<\/h4>\n<p>Ko oddate naro\u010dilo preko obrazca za naro\u010dila, preko e-po\u0161te oz. preko telefona podatke, ki nam jih sporo\u010dite (ime in priimek, va\u0161 naslov, telefonsko \u0161tevilko in email naslov, predmet naro\u010dila) shranimo, da lahko izvedemo va\u0161e naro\u010dilo. Ti podatki se posredujejo na\u0161emu partnerskemu podjetju Institut.O, Vegova cesta 29c, 6000 Koper, ki vam izstavi ra\u010dun, spakira in po\u0161ilje naro\u010dene izdelke. Ve\u010d o pogojih poslovanja Institut.O d.o.o. si lahko preberete na <a href=\"https:\/\/www.institut-o.com\/pogoji-poslovanja.html\">https:\/\/www.institut-o.com\/pogoji-poslovanja.html<\/a><\/p>\n<h4>Kontaktni obrazec za po\u0161iljanje sporo\u010dil<\/h4>\n<p>Ko nas kontaktirate preko kontaktnega obrazca, preko e-po\u0161te oz. preko telefona podatke, ki nam jih sporo\u010dite z namenom izmenjave izku\u0161enj oz. svetovanja, va\u0161e podatke shranimo na stre\u017eniku in email nabiralniku. Da vam lahko odgovorimo v nekaterih primerih, za pripravo \u010dimbolj kakovostnega odgovora, posredujemo va\u0161e vpra\u0161anje tudi dr.Iztoku Ostanu, ki sodeluje pri pripravi odgovora oz. nasveta.<\/p>\n<h4>Prijava na seznam za po\u0161iljanje e-po\u0161te<\/h4>\n<p>Prijava na seznam prejemnikov e-po\u0161te (za prejem brezpla\u010dne knjige, mese\u010dnih novic ter ob\u010dasnih izku\u0161enj in obvestil), poteka preko spletne platforme Aweber v vlogi obdelovalca podatkov (ve\u010d informacij o njihovem varovanju podatkov na <a href=\"https:\/\/www.aweber.com\/privacy.htm\">https:\/\/www.aweber.com\/privacy.htm<\/a>). \u010ce ne \u017eelite ve\u010d prejemati na\u0161ih sporo\u010dil, lahko sledite navodilom za preklic, ki jih vsebujejo vsa sporo\u010dila, ki jih prejemate na va\u0161 email naslov oz. nas kontaktirajte.<\/p>\n<h4>Komentarji<\/h4>\n<p>Ko obiskovalec objavi komentar na spletnem mestu, hranimo podatke, ki so prikazani v obrazcu za komentarje ter obiskoval\u010dev IP naslov in podatke o brskalniku, za pomo\u010d pri zaznavanju spam komentarjev.<br \/>\nAnonimiziranemu nizu, ustvarjenemu z va\u0161ega e-po\u0161tnega naslova (imenovan tudi hash), se lahko posreduje storitvi Gravatar, ki preveri ali jo uporabljate. Politika zasebnosti storitve Gravatar je na voljo tukaj: <a href=\"https:\/\/automattic.com\/privacy\/\">https:\/\/automattic.com\/privacy\/.<\/a> Po potrditvi va\u0161ega komentarja je va\u0161a slika profila objavljena v kontekstu va\u0161ega komentarja.<\/p>\n<h4>Mediji<\/h4>\n<p>V kolikor nalagate slike na spletno mesto, vam priporo\u010damo, da se izogibajte nalaganja slik, ki vsebujejo vgrajeno informacijo lokacijskih podatkov (EXIF GPS). S tem se boste izognili mo\u017enosti, da drugi obiskovalci spletnega mesta prenesejo in pridobijo lokacijske podatke iz slik na tem spletnem mestu.<\/p>\n<h4>Pi\u0161kotki<\/h4>\n<p>\u010ce objavite komentar na na\u0161i strani, se lahko prijavite, da shranite va\u0161e ime, email naslov in spletno mesto kot pi\u0161kotke. Le-ti so namenjeni za va\u0161o la\u017ejo uporabo, da vam ni potrebno ponovno vpisovati va\u0161ih podatkov, ko bi \u017eeleli objaviti nov komentar. Ti pi\u0161koti imajo rok trajanja 1 leto.<\/p>\n<p>V kolikor imate ra\u010dun tega spletnega mesta in se prijavljate v to stran, bomo nastavili za\u010dasen pi\u0161kotek, da ugotovimo ali va\u0161 brskalnik sprejema pi\u0161kotke. Ta pi\u0161kotek ne vsebuje osebnih podatkov in se izbri\u0161e, ko zaprete va\u0161 brskalnik.<\/p>\n<p>V kolikor urejate ali objavljate \u010dlanek, se bo v va\u0161em brskalniku shranil dodaten pi\u0161kotek. Ta pi\u0161kotek ne vsebuje osebnih podatkov in enostavno navaja ID objave \u010dlanka, ki ste ga ravnokar urejali. Pote\u010de v 1 dnevu.<\/p>\n<p>Ve\u010d o pi\u0161kotkih si lahko preberete v na\u0161i deklaraciji o pi\u0161kotkih na: <a href=\"https:\/\/ziva-voda.com\/blog\/pogoji-uporabe\/\">https:\/\/ziva-voda.com\/blog\/pogoji-uporabe\/<\/a><\/p>\n<h4>Vdelana vsebina z drugih spletnih mest<\/h4>\n<p>\u010clanki na tej spletni strani lahko vsebujejo vdelane vsebine (npr. videoposnetke, slike, \u010dlanke ipd.). Vdelana vsebina z drugih spletnih mest se obna\u0161a na enak na\u010din, kot \u010de bi obiskovalec obiskal drugo spletno mesto.<br \/>\nTa spletna mesta lahko zbirajo podatke o vas, uporabljajo pi\u0161kotke, vdelajo dodatno sledenje in nadzirajo va\u0161o interakcijo s to vdelano vsebino, vklju\u010dno s sledenjem interakcije z vdelano vsebino, \u010de imate ra\u010dun in ste prijavljeni na doti\u010dno spletno mesto oz. aplikacijo (npr. Facebook, Twitter, Youtube, Pinterest, Google+ ipd.).<\/p>\n<h4>Druge informacije<\/h4>\n<p>Lahko zbiramo tudi druge informacije, kot so npr. iskalni pojmi, ki jih obiskovalec vpi\u0161e v iskalnik na spletnem mestu.<\/p>\n<h4>Kako dolgo zadr\u017eujemo va\u0161e podatke<\/h4>\n<p>\u010ce se podatki o prometu obdelujejo na podlagi privolitve Posameznika zaradi tr\u017eenja storitev, prodaje blaga ali izvajanja storitev z dodano vrednostjo (npr. svetovanje), se ti podatki v potrebnem obsegu lahko obdelujejo toliko \u010dasa, dokler je to potrebno za tak\u0161no tr\u017eenje ali storitve.<\/p>\n<p>\u010ce se prijavite na seznam za prejemanje e-po\u0161te, ste na seznamu vse dokler se ne odjavite oz. podjetje Studio M, preneha z zagotavljanjem te storitve.<\/p>\n<p>\u010ce objavite komentar, se komentar in njegovi metapodatki ohranijo za nedolo\u010den \u010das. To je zato, da lahko samodejno prepoznamo in odobravamo nadaljnje komentarje, namesto da jih zadr\u017eimo v \u010dakalni vrsti.<br \/>\nZa uporabnike, ki se prijavijo na na\u0161i spletni strani, shranjujemo tudi osebne podatke, ki jih zagotavljajo v svojem uporabni\u0161kem profilu. Vsi uporabniki si lahko kadar koli ogledajo, urejajo ali izbri\u0161ejo svoje osebne podatke (ni pa mo\u017eno spremeniti uporabni\u0161kega imena). Skrbniki spletnih mest si lahko ogledajo in uredijo tudi te podatke.<\/p>\n<p>Ostale podatke to spletno mesto hrani toliko \u010dasa dokler je to nujno potrebno za dosego namena, za katerega so bili podatki zbrani, nato pa jih trajno izbri\u0161e ali u\u010dinkovito anonimizira tako, da dolo\u010denega podatka ni mogo\u010de ve\u010d povezati z dolo\u010denim uporabnikom.<\/p>\n<h4>Kak\u0161ne pravice imate glede va\u0161ih podatkov<\/h4>\n<p>\u010ce imate na tej spletni strani ra\u010dun ali ste objavili komentarje, lahko zahtevate, da prejmete izvo\u017eeno datoteko osebnih podatkov, ki jih imamo o vas, vklju\u010dno s podatki, ki ste nam jih posredovali. Prav tako lahko zahtevate, da izbri\u0161emo vse osebne podatke, ki jih imamo o vas. To ne vklju\u010duje podatkov, ki jih moramo hraniti v administrativne, pravne ali varnostne namene.<\/p>\n<h4>Kam po\u0161iljamo va\u0161e podatke<\/h4>\n<p>Podatko o naro\u010dilih se za namen realizacije naro\u010dila, posredujejo na\u0161emu partnerskemu podjetju Institut.O, Vegova cesta 29c, 6000 Koper, ki vam izstavi ra\u010dun, spakira in po\u0161ilje naro\u010dene izdelke. Ve\u010d o pogojih poslovanja Institut.O d.o.o. si lahko preberete na <a href=\"https:\/\/www.institut-o.com\/pogoji-poslovanja.html\">https:\/\/www.institut-o.com\/pogoji-poslovanja.html<\/a><\/p>\n<p>Komentarji obiskovalcev, se lahko preverjajo skozi avtomatizirano storitev preverjanja ne\u017eelenih sporo\u010dil.<\/p>\n<h4>Kako varujemo va\u0161e podatke<\/h4>\n<p>Podjetje \u00bbStudio M\u00ab uporablja ustrezna informacijska in organizacijska sredstva za za\u0161\u010dito prenosa in shranjevanja osebnih podatkov, ter zagotavlja varovanje v skladu z Zakonom o varstvu osebnih podatkov (ZVOP-1) in Splo\u0161no uredbo EU o varstvu podatkov (Uredba (EU) 2016\/679)<\/p>\n<p>Ta politika zasebnosti se lahko kadarkoli spremeni ali dopolni, brez predhodnega opozorila ali obvestila. Z uporabo spletnih strani ponudnika po spremembi ali dopolnitvi posameznik potrjuje, da sogla\u0161a s spremembami in dopolnitvami.<\/p>\n<p>Vse na\u0161e aktivnosti so v skladu z evropsko zakonodajo in konvencijami Sveta Evrope in nacionalno zakonodajo Republike Slovenije.<\/p>\n<\/div>\n","protected":false},"excerpt":{"rendered":"<p>Namen politike zasebnosti spletnega mesta ziva-voda.com je seznanitev obiskovalcev spletnega mesta z nameni in podlago obdelave osebnih podatkov s strani podjetja \u00bbSTUDIO M\u00ab, Trg Franca Fakina 2a, 1420 Trbovlje (v nadaljevanju: Studio M ali upravljavec osebnih podatkov). Pri podjetju \u00bbStudio M\u00ab cenimo va\u0161o zasebnost, zato va\u0161e podatke vedno skrbno varujemo. Katere osebne podatke zbiramo in [&hellip;]<\/p>\n","protected":false},"author":88889,"featured_media":0,"parent":0,"menu_order":0,"comment_status":"closed","ping_status":"closed","template":"","meta":{"_acf_changed":false,"_et_pb_use_builder":"","_et_pb_old_content":"","_et_gb_content_width":"","footnotes":""},"class_list":["post-2395","page","type-page","status-publish","hentry"],"acf":[],"yoast_head":"<!-- This site is optimized with the Yoast SEO plugin v27.4 - https:\/\/yoast.com\/product\/yoast-seo-wordpress\/ -->\n<title>Politika varovanja podatkov<\/title>\n<meta name=\"robots\" content=\"index, follow, max-snippet:-1, max-image-preview:large, max-video-preview:-1\" \/>\n<link rel=\"canonical\" href=\"https:\/\/ziva-voda.com\/blog\/politika-zasebnosti\/\" \/>\n<meta property=\"og:locale\" content=\"sl_SI\" \/>\n<meta property=\"og:type\" content=\"article\" \/>\n<meta property=\"og:title\" content=\"Politika varovanja podatkov\" \/>\n<meta property=\"og:description\" content=\"Namen politike zasebnosti spletnega mesta ziva-voda.com je seznanitev obiskovalcev spletnega mesta z nameni in podlago obdelave osebnih podatkov s strani podjetja \u00bbSTUDIO M\u00ab, Trg Franca Fakina 2a, 1420 Trbovlje (v nadaljevanju: Studio M ali upravljavec osebnih podatkov). Pri podjetju \u00bbStudio M\u00ab cenimo va\u0161o zasebnost, zato va\u0161e podatke vedno skrbno varujemo. Katere osebne podatke zbiramo in [&hellip;]\" \/>\n<meta property=\"og:url\" content=\"https:\/\/ziva-voda.com\/blog\/politika-zasebnosti\/\" \/>\n<meta property=\"og:site_name\" content=\"\u017diva Voda Blog\" \/>\n<meta property=\"article:publisher\" content=\"https:\/\/sl-si.facebook.com\/zivavoda.megahydrate\" \/>\n<meta property=\"article:modified_time\" content=\"2020-03-30T20:35:06+00:00\" \/>\n<meta name=\"twitter:card\" content=\"summary_large_image\" \/>\n<meta name=\"twitter:site\" content=\"@zivavoda\" \/>\n<meta name=\"twitter:label1\" content=\"Est. reading time\" \/>\n\t<meta name=\"twitter:data1\" content=\"6 minut\" \/>\n<script type=\"application\/ld+json\" class=\"yoast-schema-graph\">{\"@context\":\"https:\\\/\\\/schema.org\",\"@graph\":[{\"@type\":\"WebPage\",\"@id\":\"https:\\\/\\\/ziva-voda.com\\\/blog\\\/politika-zasebnosti\\\/\",\"url\":\"https:\\\/\\\/ziva-voda.com\\\/blog\\\/politika-zasebnosti\\\/\",\"name\":\"Politika varovanja podatkov\",\"isPartOf\":{\"@id\":\"https:\\\/\\\/ziva-voda.com\\\/blog\\\/#website\"},\"datePublished\":\"2018-05-24T16:06:33+00:00\",\"dateModified\":\"2020-03-30T20:35:06+00:00\",\"breadcrumb\":{\"@id\":\"https:\\\/\\\/ziva-voda.com\\\/blog\\\/politika-zasebnosti\\\/#breadcrumb\"},\"inLanguage\":\"sl-SI\",\"potentialAction\":[{\"@type\":\"ReadAction\",\"target\":[\"https:\\\/\\\/ziva-voda.com\\\/blog\\\/politika-zasebnosti\\\/\"]}]},{\"@type\":\"BreadcrumbList\",\"@id\":\"https:\\\/\\\/ziva-voda.com\\\/blog\\\/politika-zasebnosti\\\/#breadcrumb\",\"itemListElement\":[{\"@type\":\"ListItem\",\"position\":1,\"name\":\"Domov\",\"item\":\"https:\\\/\\\/ziva-voda.com\\\/blog\\\/\"},{\"@type\":\"ListItem\",\"position\":2,\"name\":\"Politika varovanja podatkov\"}]},{\"@type\":\"WebSite\",\"@id\":\"https:\\\/\\\/ziva-voda.com\\\/blog\\\/#website\",\"url\":\"https:\\\/\\\/ziva-voda.com\\\/blog\\\/\",\"name\":\"\u017diva Voda Blog\",\"description\":\"Male Skrivnosti za Ve\u010d Energije in Bolj\u0161e Po\u010dutje\",\"potentialAction\":[{\"@type\":\"SearchAction\",\"target\":{\"@type\":\"EntryPoint\",\"urlTemplate\":\"https:\\\/\\\/ziva-voda.com\\\/blog\\\/?s={search_term_string}\"},\"query-input\":{\"@type\":\"PropertyValueSpecification\",\"valueRequired\":true,\"valueName\":\"search_term_string\"}}],\"inLanguage\":\"sl-SI\"}]}<\/script>\n<!-- \/ Yoast SEO plugin. -->","yoast_head_json":{"title":"Politika varovanja podatkov","robots":{"index":"index","follow":"follow","max-snippet":"max-snippet:-1","max-image-preview":"max-image-preview:large","max-video-preview":"max-video-preview:-1"},"canonical":"https:\/\/ziva-voda.com\/blog\/politika-zasebnosti\/","og_locale":"sl_SI","og_type":"article","og_title":"Politika varovanja podatkov","og_description":"Namen politike zasebnosti spletnega mesta ziva-voda.com je seznanitev obiskovalcev spletnega mesta z nameni in podlago obdelave osebnih podatkov s strani podjetja \u00bbSTUDIO M\u00ab, Trg Franca Fakina 2a, 1420 Trbovlje (v nadaljevanju: Studio M ali upravljavec osebnih podatkov). Pri podjetju \u00bbStudio M\u00ab cenimo va\u0161o zasebnost, zato va\u0161e podatke vedno skrbno varujemo. Katere osebne podatke zbiramo in [&hellip;]","og_url":"https:\/\/ziva-voda.com\/blog\/politika-zasebnosti\/","og_site_name":"\u017diva Voda Blog","article_publisher":"https:\/\/sl-si.facebook.com\/zivavoda.megahydrate","article_modified_time":"2020-03-30T20:35:06+00:00","twitter_card":"summary_large_image","twitter_site":"@zivavoda","twitter_misc":{"Est. reading time":"6 minut"},"schema":{"@context":"https:\/\/schema.org","@graph":[{"@type":"WebPage","@id":"https:\/\/ziva-voda.com\/blog\/politika-zasebnosti\/","url":"https:\/\/ziva-voda.com\/blog\/politika-zasebnosti\/","name":"Politika varovanja podatkov","isPartOf":{"@id":"https:\/\/ziva-voda.com\/blog\/#website"},"datePublished":"2018-05-24T16:06:33+00:00","dateModified":"2020-03-30T20:35:06+00:00","breadcrumb":{"@id":"https:\/\/ziva-voda.com\/blog\/politika-zasebnosti\/#breadcrumb"},"inLanguage":"sl-SI","potentialAction":[{"@type":"ReadAction","target":["https:\/\/ziva-voda.com\/blog\/politika-zasebnosti\/"]}]},{"@type":"BreadcrumbList","@id":"https:\/\/ziva-voda.com\/blog\/politika-zasebnosti\/#breadcrumb","itemListElement":[{"@type":"ListItem","position":1,"name":"Domov","item":"https:\/\/ziva-voda.com\/blog\/"},{"@type":"ListItem","position":2,"name":"Politika varovanja podatkov"}]},{"@type":"WebSite","@id":"https:\/\/ziva-voda.com\/blog\/#website","url":"https:\/\/ziva-voda.com\/blog\/","name":"\u017diva Voda Blog","description":"Male Skrivnosti za Ve\u010d Energije in Bolj\u0161e Po\u010dutje","potentialAction":[{"@type":"SearchAction","target":{"@type":"EntryPoint","urlTemplate":"https:\/\/ziva-voda.com\/blog\/?s={search_term_string}"},"query-input":{"@type":"PropertyValueSpecification","valueRequired":true,"valueName":"search_term_string"}}],"inLanguage":"sl-SI"}]}},"_links":{"self":[{"href":"https:\/\/ziva-voda.com\/blog\/wp-json\/wp\/v2\/pages\/2395","targetHints":{"allow":["GET"]}}],"collection":[{"href":"https:\/\/ziva-voda.com\/blog\/wp-json\/wp\/v2\/pages"}],"about":[{"href":"https:\/\/ziva-voda.com\/blog\/wp-json\/wp\/v2\/types\/page"}],"author":[{"embeddable":true,"href":"https:\/\/ziva-voda.com\/blog\/wp-json\/wp\/v2\/users\/88889"}],"replies":[{"embeddable":true,"href":"https:\/\/ziva-voda.com\/blog\/wp-json\/wp\/v2\/comments?post=2395"}],"version-history":[{"count":0,"href":"https:\/\/ziva-voda.com\/blog\/wp-json\/wp\/v2\/pages\/2395\/revisions"}],"wp:attachment":[{"href":"https:\/\/ziva-voda.com\/blog\/wp-json\/wp\/v2\/media?parent=2395"}],"curies":[{"name":"wp","href":"https:\/\/api.w.org\/{rel}","templated":true}]}}