{"id":170,"date":"2012-10-29T15:02:15","date_gmt":"2012-10-29T22:02:15","guid":{"rendered":"https:\/\/www.ziva-voda.com\/blog\/?page_id=170"},"modified":"2018-12-31T16:10:42","modified_gmt":"2018-12-31T14:10:42","slug":"vital-energy","status":"publish","type":"page","link":"https:\/\/ziva-voda.com\/blog\/vita-biosa\/vital-energy\/","title":{"rendered":"Vital Energy"},"content":{"rendered":"<div id=\"attachment_171\" style=\"width: 149px\" class=\"wp-caption alignright\"><a href=\"https:\/\/www.ziva-voda.com\/blog\/wp-content\/uploads\/2012\/10\/Vital_Energy.jpg\"><img decoding=\"async\" aria-describedby=\"caption-attachment-171\" class=\"wp-image-171 lazyload\" style=\"--smush-placeholder-width: 139px; --smush-placeholder-aspect-ratio: 139\/269;margin-right: 5px;\" title=\"Vital_Energy\" data-src=\"https:\/\/www.ziva-voda.com\/blog\/wp-content\/uploads\/2012\/10\/Vital_Energy.jpg\" alt=\"Vital Energy\" width=\"139\" height=\"269\" src=\"data:image\/svg+xml;base64,PHN2ZyB3aWR0aD0iMSIgaGVpZ2h0PSIxIiB4bWxucz0iaHR0cDovL3d3dy53My5vcmcvMjAwMC9zdmciPjwvc3ZnPg==\" \/><\/a><p id=\"caption-attachment-171\" class=\"wp-caption-text\">Vital Energy 500 ml<\/p><\/div>\n<p><strong>OPOMBA: Vital Energy je izdelek, ki ga je distribuiralo podjetje GOH. Podoben je Vita Biosi.<\/strong><\/p>\n<p>Vital Energy\u2122 je \u017eiv 100% ekolo\u0161ko pridelan napitek s katerim je mo\u017eno obnoviti ravnovesje v telesu.<\/p>\n<p>Probioti\u010dni zeli\u0161\u010dni napitek, pripravljen po skrivni danski recepturi. Vsebuje<br \/>\nme\u0161anico ekolo\u0161ko pridelanih aromati\u010dnih zeli\u0161\u010d, kot tudi sok aronije, borovnic in \u010drnega ribeza.<\/p>\n<p>Ve\u010dina imunskega sistema na\u0161ega telesa se nahaja v \u010drevesju. In prav<br \/>\nzdrava \u010drevesna flora omogo\u010da mo\u010dno imunsko obrambo.<\/p>\n<p>Napitek vsebuje ni\u010d manj kot sedem razli\u010dnih aktivnih vrst mle\u010dnokislinskih bakterij (probiotikov), ki omogo\u010dijo optimalno in harmoni\u010dno \u010drevesno okolje.<\/p>\n<p>Sokovi iz ekolo\u0161ko pridelane aronije, borovnic in \u010drnega ribeza so naravno bogati<br \/>\nz antioksidanti, ki pomagajo za\u0161\u010dititi telesne celice pred po\u0161kodbami.<\/p>\n<p>Harmoni\u010dno delovanje prebavil samodejno krepi na\u0161o vitalnost.<br \/>\nZ vsakodnevnim pitjem Vital Energy\u2122 imate ve\u010d mo\u017enosti, da bo naravna obramba va\u0161ega telesa v vrhunski formi.<\/p>\n<p><span style=\"color: #0000ff;\"><strong>Koristi, ki jih prina\u0161a:<\/strong><\/span><\/p>\n<ul>\n<li>Dobrodejno vpliva na celo telo, \u0161e zlasti na \u010drevesje.<\/li>\n<li>Oskrbi telo s pomembnimi antioksidanti.<\/li>\n<li>Krepi vitalnost.<\/li>\n<li>Vse sestavine so ekolo\u0161ko pridelane.<\/li>\n<\/ul>\n<p><strong><a title=\"Vita Biosa Naro\u010dilo\" href=\"https:\/\/www.ziva-voda.com\/blog\/vita-biosa\/#obrazec\">Za naro\u010dilo kliknite tukaj.<\/a><\/strong><\/p>\n<div id=\"attachment_173\" style=\"width: 169px\" class=\"wp-caption alignleft\"><a href=\"https:\/\/www.ziva-voda.com\/blog\/wp-content\/uploads\/2012\/10\/Erik_Nielsen1.jpg\"><img decoding=\"async\" aria-describedby=\"caption-attachment-173\" class=\"wp-image-173 lazyload\" title=\"Erik_Nielsen\" data-src=\"https:\/\/www.ziva-voda.com\/blog\/wp-content\/uploads\/2012\/10\/Erik_Nielsen1.jpg\" alt=\"Erik Nielsen \u2013 Danec, ki se je odlo\u010dil sodelovati z naravo\" width=\"159\" height=\"164\" src=\"data:image\/svg+xml;base64,PHN2ZyB3aWR0aD0iMSIgaGVpZ2h0PSIxIiB4bWxucz0iaHR0cDovL3d3dy53My5vcmcvMjAwMC9zdmciPjwvc3ZnPg==\" style=\"--smush-placeholder-width: 159px; --smush-placeholder-aspect-ratio: 159\/164;\" \/><\/a><p id=\"caption-attachment-173\" class=\"wp-caption-text\">Erik Nielsen \u2013 Danec, ki se je odlo\u010dil sodelovati z naravo<\/p><\/div>\n<p>Erik Nielsen, avtor formule Vital Energy\u2122, je vedno videl naravo kot celoto. \u017de zgodaj je spoznal pomen mikroorganizmov za \u017eivljenje na Zemlji. Te \u201cmale pomo\u010dnike\u201d, kot jih Erik imenuje, najdemo povsod \u2013 v vodi, zraku, zemlji in v na\u0161ih telesih.<br \/>\n\u010clovekova prebavila potrebujejo koristne bakterije za ohranjanje mo\u010dnega imunskega sistema. Toda zaradi sodobnega na\u010dina \u017eivljenja in osiroma\u0161ene prehrane v na\u0161ih telesih primanjkuje teh dobrodejnih bakterij, zato nastajajo razli\u010dne zdravstvene te\u017eave.<br \/>\n\u0160tevilne raziskave dokazujejo ve\u010djo hranljivost ekolo\u0161ko pridelane hrane. V nasprotju z obi\u010dajnim kmetovanjem, ekolo\u0161ka pridelava upo\u0161teva pomembne mikroorganizme v prsti, zato si bodo na tak\u0161ni prsti tudi prihodnji rodovi lahko pridelali hrano. Napitek Vital Energy\u2122 je pripravljen izklju\u010dno iz ekolo\u0161ko pridelanih sestavin.<\/p>\n<blockquote><p>\u201cTi \u2018mali pomo\u010dniki\u2019, ki jih lahko vidimo le pod mikroskopom, so klju\u010d celotnega \u017eivljenja na Zemlji. Ni\u010d ne more pre\u017eiveti brez njih. Danes se \u017ee mnogi ljudje s poni\u017enostjo in hvale\u017enostjo zavedajo njihovega dobrodejnega delovanja.\u201d<br \/>\nErik Nielsen, Danska<\/p><\/blockquote>\n<p><strong>Vital Energy\u2122 vsebuje:<\/strong><\/p>\n<ul>\n<li>Mle\u010dnokislinske bakterije (iz sedmih razli\u010dnih fermentacijskih kultur)<\/li>\n<li>Sok aronije* Aronija slovi po veliki vsebnosti vitaminov, mineralov in antioksidantov. Plodovi aronije vsebujejo ene najmo\u010dnej\u0161ih naravnih antioksidantov, kar jih poznamo.<\/li>\n<li>Sok \u010drnega ribeza* Te drobne, okusne jagode so izredno koristne zaradi velike vsebnosti vitamina C. Vsebujejo tudi veliko antocianina in flavonoidnih antioksidantov.<\/li>\n<li>Borovni\u010dev sok* Borovnice vsebujejo veliko antioksidantov, vitaminov in mineralov, med drugim antocianin, betakaroten, vitamin C in kalij.<\/li>\n<li>Zeli\u0161\u010dna me\u0161anica* Jane\u017e, sladki koren, komar\u010dek, bazilika, kamilica, prava krebuljica, koprc, bezeg, bo\u017eja rutica, korenina ingverja, angelika, brin, kopriva, origano, peter\u0161ilj, poprova meta, ro\u017emarin, \u017eajbelj, timijan. Vsa zeli\u0161\u010da so ekolo\u0161ko pridelana.<\/li>\n<li>Melasa iz sladkornega trsa*,<\/li>\n<li>glukoza* in<\/li>\n<li>fruktoza* Dodali smo jih za poja\u010danje fermentacijskega procesa, vendar kon\u010dni izdelek ne vsebuje sladkorja, saj ga \u017ee prej fermentirajo mle\u010dnokislinske bakterije.<\/li>\n<\/ul>\n<p>* = iz ekolo\u0161ke pridelave<\/p>\n<p>Podatki so prepisani iz letaka GOH o specifikacijah izdelka.<\/p>\n<p><strong><a title=\"Vita Biosa Naro\u010dilo\" href=\"https:\/\/www.ziva-voda.com\/blog\/vita-biosa\/#obrazec\">Za naro\u010dilo kliknite tukaj.<\/a><\/strong><\/p>\n","protected":false},"excerpt":{"rendered":"<p>OPOMBA: Vital Energy je izdelek, ki ga je distribuiralo podjetje GOH. Podoben je Vita Biosi. Vital Energy\u2122 je \u017eiv 100% ekolo\u0161ko pridelan napitek s katerim je mo\u017eno obnoviti ravnovesje v telesu. Probioti\u010dni zeli\u0161\u010dni napitek, pripravljen po skrivni danski recepturi. Vsebuje me\u0161anico ekolo\u0161ko pridelanih aromati\u010dnih zeli\u0161\u010d, kot tudi sok aronije, borovnic in \u010drnega ribeza. Ve\u010dina imunskega [&hellip;]<\/p>\n","protected":false},"author":88889,"featured_media":171,"parent":250,"menu_order":0,"comment_status":"open","ping_status":"open","template":"","meta":{"_acf_changed":false,"_et_pb_use_builder":"","_et_pb_old_content":"","_et_gb_content_width":"","footnotes":""},"class_list":["post-170","page","type-page","status-publish","has-post-thumbnail","hentry"],"acf":[],"yoast_head":"<!-- This site is optimized with the Yoast SEO plugin v27.5 - https:\/\/yoast.com\/product\/yoast-seo-wordpress\/ -->\n<title>Vital Energy - probioti\u010dni napitek<\/title>\n<meta name=\"description\" content=\"Napitek vsebuje 7 razli\u010dnih aktivnih vrst mle\u010dnokislinskih bakterij (probiotikov), ki omogo\u010dijo optimalno in harmoni\u010dno \u010drevesno okolje. Harmoni\u010dno delovanje prebavil samodejno krepi na\u0161o vitalnost.\" \/>\n<meta name=\"robots\" content=\"index, follow, max-snippet:-1, max-image-preview:large, max-video-preview:-1\" \/>\n<link rel=\"canonical\" href=\"https:\/\/ziva-voda.com\/blog\/vita-biosa\/vital-energy\/\" \/>\n<meta property=\"og:locale\" content=\"sl_SI\" \/>\n<meta property=\"og:type\" content=\"article\" \/>\n<meta property=\"og:title\" content=\"Vital Energy - probioti\u010dni napitek\" \/>\n<meta property=\"og:description\" content=\"Napitek vsebuje 7 razli\u010dnih aktivnih vrst mle\u010dnokislinskih bakterij (probiotikov), ki omogo\u010dijo optimalno in harmoni\u010dno \u010drevesno okolje. Harmoni\u010dno delovanje prebavil samodejno krepi na\u0161o vitalnost.\" \/>\n<meta property=\"og:url\" content=\"https:\/\/ziva-voda.com\/blog\/vita-biosa\/vital-energy\/\" \/>\n<meta property=\"og:site_name\" content=\"\u017diva Voda Blog\" \/>\n<meta property=\"article:publisher\" content=\"https:\/\/sl-si.facebook.com\/zivavoda.megahydrate\" \/>\n<meta property=\"article:modified_time\" content=\"2018-12-31T14:10:42+00:00\" \/>\n<meta property=\"og:image\" content=\"https:\/\/ziva-voda.com\/blog\/wp-content\/uploads\/2012\/10\/Vital_Energy.jpg\" \/>\n\t<meta property=\"og:image:width\" content=\"224\" \/>\n\t<meta property=\"og:image:height\" content=\"448\" \/>\n\t<meta property=\"og:image:type\" content=\"image\/jpeg\" \/>\n<meta name=\"twitter:card\" content=\"summary_large_image\" \/>\n<meta name=\"twitter:site\" content=\"@zivavoda\" \/>\n<meta name=\"twitter:label1\" content=\"Est. reading time\" \/>\n\t<meta name=\"twitter:data1\" content=\"3 minute\" \/>\n<script type=\"application\/ld+json\" class=\"yoast-schema-graph\">{\"@context\":\"https:\\\/\\\/schema.org\",\"@graph\":[{\"@type\":\"WebPage\",\"@id\":\"https:\\\/\\\/ziva-voda.com\\\/blog\\\/vita-biosa\\\/vital-energy\\\/\",\"url\":\"https:\\\/\\\/ziva-voda.com\\\/blog\\\/vita-biosa\\\/vital-energy\\\/\",\"name\":\"Vital Energy - probioti\u010dni napitek\",\"isPartOf\":{\"@id\":\"https:\\\/\\\/ziva-voda.com\\\/blog\\\/#website\"},\"primaryImageOfPage\":{\"@id\":\"https:\\\/\\\/ziva-voda.com\\\/blog\\\/vita-biosa\\\/vital-energy\\\/#primaryimage\"},\"image\":{\"@id\":\"https:\\\/\\\/ziva-voda.com\\\/blog\\\/vita-biosa\\\/vital-energy\\\/#primaryimage\"},\"thumbnailUrl\":\"https:\\\/\\\/ziva-voda.com\\\/blog\\\/wp-content\\\/uploads\\\/2012\\\/10\\\/Vital_Energy.jpg\",\"datePublished\":\"2012-10-29T22:02:15+00:00\",\"dateModified\":\"2018-12-31T14:10:42+00:00\",\"description\":\"Napitek vsebuje 7 razli\u010dnih aktivnih vrst mle\u010dnokislinskih bakterij (probiotikov), ki omogo\u010dijo optimalno in harmoni\u010dno \u010drevesno okolje. Harmoni\u010dno delovanje prebavil samodejno krepi na\u0161o vitalnost.\",\"breadcrumb\":{\"@id\":\"https:\\\/\\\/ziva-voda.com\\\/blog\\\/vita-biosa\\\/vital-energy\\\/#breadcrumb\"},\"inLanguage\":\"sl-SI\",\"potentialAction\":[{\"@type\":\"ReadAction\",\"target\":[\"https:\\\/\\\/ziva-voda.com\\\/blog\\\/vita-biosa\\\/vital-energy\\\/\"]}]},{\"@type\":\"ImageObject\",\"inLanguage\":\"sl-SI\",\"@id\":\"https:\\\/\\\/ziva-voda.com\\\/blog\\\/vita-biosa\\\/vital-energy\\\/#primaryimage\",\"url\":\"https:\\\/\\\/ziva-voda.com\\\/blog\\\/wp-content\\\/uploads\\\/2012\\\/10\\\/Vital_Energy.jpg\",\"contentUrl\":\"https:\\\/\\\/ziva-voda.com\\\/blog\\\/wp-content\\\/uploads\\\/2012\\\/10\\\/Vital_Energy.jpg\",\"width\":\"224\",\"height\":\"448\",\"caption\":\"Vital Energy 500 ml\"},{\"@type\":\"BreadcrumbList\",\"@id\":\"https:\\\/\\\/ziva-voda.com\\\/blog\\\/vita-biosa\\\/vital-energy\\\/#breadcrumb\",\"itemListElement\":[{\"@type\":\"ListItem\",\"position\":1,\"name\":\"Domov\",\"item\":\"https:\\\/\\\/ziva-voda.com\\\/blog\\\/\"},{\"@type\":\"ListItem\",\"position\":2,\"name\":\"Vita Biosa\",\"item\":\"https:\\\/\\\/ziva-voda.com\\\/blog\\\/vita-biosa\\\/\"},{\"@type\":\"ListItem\",\"position\":3,\"name\":\"Vital Energy\"}]},{\"@type\":\"WebSite\",\"@id\":\"https:\\\/\\\/ziva-voda.com\\\/blog\\\/#website\",\"url\":\"https:\\\/\\\/ziva-voda.com\\\/blog\\\/\",\"name\":\"\u017diva Voda Blog\",\"description\":\"Male Skrivnosti za Ve\u010d Energije in Bolj\u0161e Po\u010dutje\",\"potentialAction\":[{\"@type\":\"SearchAction\",\"target\":{\"@type\":\"EntryPoint\",\"urlTemplate\":\"https:\\\/\\\/ziva-voda.com\\\/blog\\\/?s={search_term_string}\"},\"query-input\":{\"@type\":\"PropertyValueSpecification\",\"valueRequired\":true,\"valueName\":\"search_term_string\"}}],\"inLanguage\":\"sl-SI\"}]}<\/script>\n<!-- \/ Yoast SEO plugin. -->","yoast_head_json":{"title":"Vital Energy - probioti\u010dni napitek","description":"Napitek vsebuje 7 razli\u010dnih aktivnih vrst mle\u010dnokislinskih bakterij (probiotikov), ki omogo\u010dijo optimalno in harmoni\u010dno \u010drevesno okolje. Harmoni\u010dno delovanje prebavil samodejno krepi na\u0161o vitalnost.","robots":{"index":"index","follow":"follow","max-snippet":"max-snippet:-1","max-image-preview":"max-image-preview:large","max-video-preview":"max-video-preview:-1"},"canonical":"https:\/\/ziva-voda.com\/blog\/vita-biosa\/vital-energy\/","og_locale":"sl_SI","og_type":"article","og_title":"Vital Energy - probioti\u010dni napitek","og_description":"Napitek vsebuje 7 razli\u010dnih aktivnih vrst mle\u010dnokislinskih bakterij (probiotikov), ki omogo\u010dijo optimalno in harmoni\u010dno \u010drevesno okolje. Harmoni\u010dno delovanje prebavil samodejno krepi na\u0161o vitalnost.","og_url":"https:\/\/ziva-voda.com\/blog\/vita-biosa\/vital-energy\/","og_site_name":"\u017diva Voda Blog","article_publisher":"https:\/\/sl-si.facebook.com\/zivavoda.megahydrate","article_modified_time":"2018-12-31T14:10:42+00:00","og_image":[{"width":224,"height":448,"url":"https:\/\/ziva-voda.com\/blog\/wp-content\/uploads\/2012\/10\/Vital_Energy.jpg","type":"image\/jpeg"}],"twitter_card":"summary_large_image","twitter_site":"@zivavoda","twitter_misc":{"Est. reading time":"3 minute"},"schema":{"@context":"https:\/\/schema.org","@graph":[{"@type":"WebPage","@id":"https:\/\/ziva-voda.com\/blog\/vita-biosa\/vital-energy\/","url":"https:\/\/ziva-voda.com\/blog\/vita-biosa\/vital-energy\/","name":"Vital Energy - probioti\u010dni napitek","isPartOf":{"@id":"https:\/\/ziva-voda.com\/blog\/#website"},"primaryImageOfPage":{"@id":"https:\/\/ziva-voda.com\/blog\/vita-biosa\/vital-energy\/#primaryimage"},"image":{"@id":"https:\/\/ziva-voda.com\/blog\/vita-biosa\/vital-energy\/#primaryimage"},"thumbnailUrl":"https:\/\/ziva-voda.com\/blog\/wp-content\/uploads\/2012\/10\/Vital_Energy.jpg","datePublished":"2012-10-29T22:02:15+00:00","dateModified":"2018-12-31T14:10:42+00:00","description":"Napitek vsebuje 7 razli\u010dnih aktivnih vrst mle\u010dnokislinskih bakterij (probiotikov), ki omogo\u010dijo optimalno in harmoni\u010dno \u010drevesno okolje. Harmoni\u010dno delovanje prebavil samodejno krepi na\u0161o vitalnost.","breadcrumb":{"@id":"https:\/\/ziva-voda.com\/blog\/vita-biosa\/vital-energy\/#breadcrumb"},"inLanguage":"sl-SI","potentialAction":[{"@type":"ReadAction","target":["https:\/\/ziva-voda.com\/blog\/vita-biosa\/vital-energy\/"]}]},{"@type":"ImageObject","inLanguage":"sl-SI","@id":"https:\/\/ziva-voda.com\/blog\/vita-biosa\/vital-energy\/#primaryimage","url":"https:\/\/ziva-voda.com\/blog\/wp-content\/uploads\/2012\/10\/Vital_Energy.jpg","contentUrl":"https:\/\/ziva-voda.com\/blog\/wp-content\/uploads\/2012\/10\/Vital_Energy.jpg","width":"224","height":"448","caption":"Vital Energy 500 ml"},{"@type":"BreadcrumbList","@id":"https:\/\/ziva-voda.com\/blog\/vita-biosa\/vital-energy\/#breadcrumb","itemListElement":[{"@type":"ListItem","position":1,"name":"Domov","item":"https:\/\/ziva-voda.com\/blog\/"},{"@type":"ListItem","position":2,"name":"Vita Biosa","item":"https:\/\/ziva-voda.com\/blog\/vita-biosa\/"},{"@type":"ListItem","position":3,"name":"Vital Energy"}]},{"@type":"WebSite","@id":"https:\/\/ziva-voda.com\/blog\/#website","url":"https:\/\/ziva-voda.com\/blog\/","name":"\u017diva Voda Blog","description":"Male Skrivnosti za Ve\u010d Energije in Bolj\u0161e Po\u010dutje","potentialAction":[{"@type":"SearchAction","target":{"@type":"EntryPoint","urlTemplate":"https:\/\/ziva-voda.com\/blog\/?s={search_term_string}"},"query-input":{"@type":"PropertyValueSpecification","valueRequired":true,"valueName":"search_term_string"}}],"inLanguage":"sl-SI"}]}},"_links":{"self":[{"href":"https:\/\/ziva-voda.com\/blog\/wp-json\/wp\/v2\/pages\/170","targetHints":{"allow":["GET"]}}],"collection":[{"href":"https:\/\/ziva-voda.com\/blog\/wp-json\/wp\/v2\/pages"}],"about":[{"href":"https:\/\/ziva-voda.com\/blog\/wp-json\/wp\/v2\/types\/page"}],"author":[{"embeddable":true,"href":"https:\/\/ziva-voda.com\/blog\/wp-json\/wp\/v2\/users\/88889"}],"replies":[{"embeddable":true,"href":"https:\/\/ziva-voda.com\/blog\/wp-json\/wp\/v2\/comments?post=170"}],"version-history":[{"count":0,"href":"https:\/\/ziva-voda.com\/blog\/wp-json\/wp\/v2\/pages\/170\/revisions"}],"up":[{"embeddable":true,"href":"https:\/\/ziva-voda.com\/blog\/wp-json\/wp\/v2\/pages\/250"}],"wp:featuredmedia":[{"embeddable":true,"href":"https:\/\/ziva-voda.com\/blog\/wp-json\/wp\/v2\/media\/171"}],"wp:attachment":[{"href":"https:\/\/ziva-voda.com\/blog\/wp-json\/wp\/v2\/media?parent=170"}],"curies":[{"name":"wp","href":"https:\/\/api.w.org\/{rel}","templated":true}]}}