{"id":1550,"date":"2017-02-04T15:55:04","date_gmt":"2017-02-04T22:55:04","guid":{"rendered":"https:\/\/ziva-voda.com\/blog\/?page_id=1550"},"modified":"2020-01-15T22:04:44","modified_gmt":"2020-01-15T20:04:44","slug":"delavnice-in-tecaji","status":"publish","type":"page","link":"https:\/\/ziva-voda.com\/blog\/delavnice-in-tecaji\/","title":{"rendered":"Delavnice in te\u010daji"},"content":{"rendered":"<h4>Te\u010daj polnovrednega postenja<\/h4>\n<p>V Kri\u0161ki vasi se ob\u010dasno izvajajo 3- do 8-dnevni te\u010daji polnovrednega postenja po sistemu dr. Ostana.<\/p>\n<p>Obvezna je predhodna prijava.<\/p>\n<p>Ve\u010d informacij po telefonu s klicem na 041 517 256, po e-po\u0161ti dih.klanscek@gmail.com ali na <a href=\"https:\/\/postenjedih.si\" target=\"_blank\" rel=\"noopener noreferrer\">https:\/\/postenjedih.si<\/a>.<\/p>\n<p>&nbsp;<\/p>\n<p>&nbsp;<\/p>\n<p>&nbsp;<\/p>\n","protected":false},"excerpt":{"rendered":"<p>Te\u010daj polnovrednega postenja V Kri\u0161ki vasi se ob\u010dasno izvajajo 3- do 8-dnevni te\u010daji polnovrednega postenja po sistemu dr. Ostana. Obvezna je predhodna prijava. Ve\u010d informacij po telefonu s klicem na 041 517 256, po e-po\u0161ti dih.klanscek@gmail.com ali na https:\/\/postenjedih.si. &nbsp; &nbsp; &nbsp;<\/p>\n","protected":false},"author":88889,"featured_media":1554,"parent":0,"menu_order":0,"comment_status":"closed","ping_status":"closed","template":"","meta":{"_acf_changed":false,"_et_pb_use_builder":"","_et_pb_old_content":"","_et_gb_content_width":"","footnotes":""},"class_list":["post-1550","page","type-page","status-publish","has-post-thumbnail","hentry"],"acf":[],"yoast_head":"<!-- This site is optimized with the Yoast SEO plugin v27.3 - https:\/\/yoast.com\/product\/yoast-seo-wordpress\/ -->\n<title>Te\u010daj polnovrednega postenja po sistemu dr. Ostana<\/title>\n<meta name=\"robots\" content=\"index, follow, max-snippet:-1, max-image-preview:large, max-video-preview:-1\" \/>\n<link rel=\"canonical\" href=\"https:\/\/ziva-voda.com\/blog\/delavnice-in-tecaji\/\" \/>\n<meta property=\"og:locale\" content=\"sl_SI\" \/>\n<meta property=\"og:type\" content=\"article\" \/>\n<meta property=\"og:title\" content=\"Te\u010daj polnovrednega postenja po sistemu dr. Ostana\" \/>\n<meta property=\"og:description\" content=\"Te\u010daj polnovrednega postenja V Kri\u0161ki vasi se ob\u010dasno izvajajo 3- do 8-dnevni te\u010daji polnovrednega postenja po sistemu dr. Ostana. Obvezna je predhodna prijava. Ve\u010d informacij po telefonu s klicem na 041 517 256, po e-po\u0161ti dih.klanscek@gmail.com ali na https:\/\/postenjedih.si. &nbsp; &nbsp; &nbsp;\" \/>\n<meta property=\"og:url\" content=\"https:\/\/ziva-voda.com\/blog\/delavnice-in-tecaji\/\" \/>\n<meta property=\"og:site_name\" content=\"\u017diva Voda Blog\" \/>\n<meta property=\"article:publisher\" content=\"https:\/\/sl-si.facebook.com\/zivavoda.megahydrate\" \/>\n<meta property=\"article:modified_time\" content=\"2020-01-15T20:04:44+00:00\" \/>\n<meta property=\"og:image\" content=\"https:\/\/ziva-voda.com\/blog\/wp-content\/uploads\/Delavnice-postenja.png\" \/>\n\t<meta property=\"og:image:width\" content=\"423\" \/>\n\t<meta property=\"og:image:height\" content=\"277\" \/>\n\t<meta property=\"og:image:type\" content=\"image\/png\" \/>\n<meta name=\"twitter:card\" content=\"summary_large_image\" \/>\n<meta name=\"twitter:site\" content=\"@zivavoda\" \/>\n<script type=\"application\/ld+json\" class=\"yoast-schema-graph\">{\"@context\":\"https:\\\/\\\/schema.org\",\"@graph\":[{\"@type\":\"WebPage\",\"@id\":\"https:\\\/\\\/ziva-voda.com\\\/blog\\\/delavnice-in-tecaji\\\/\",\"url\":\"https:\\\/\\\/ziva-voda.com\\\/blog\\\/delavnice-in-tecaji\\\/\",\"name\":\"Te\u010daj polnovrednega postenja po sistemu dr. Ostana\",\"isPartOf\":{\"@id\":\"https:\\\/\\\/ziva-voda.com\\\/blog\\\/#website\"},\"primaryImageOfPage\":{\"@id\":\"https:\\\/\\\/ziva-voda.com\\\/blog\\\/delavnice-in-tecaji\\\/#primaryimage\"},\"image\":{\"@id\":\"https:\\\/\\\/ziva-voda.com\\\/blog\\\/delavnice-in-tecaji\\\/#primaryimage\"},\"thumbnailUrl\":\"https:\\\/\\\/ziva-voda.com\\\/blog\\\/wp-content\\\/uploads\\\/Delavnice-postenja.png\",\"datePublished\":\"2017-02-04T22:55:04+00:00\",\"dateModified\":\"2020-01-15T20:04:44+00:00\",\"breadcrumb\":{\"@id\":\"https:\\\/\\\/ziva-voda.com\\\/blog\\\/delavnice-in-tecaji\\\/#breadcrumb\"},\"inLanguage\":\"sl-SI\",\"potentialAction\":[{\"@type\":\"ReadAction\",\"target\":[\"https:\\\/\\\/ziva-voda.com\\\/blog\\\/delavnice-in-tecaji\\\/\"]}]},{\"@type\":\"ImageObject\",\"inLanguage\":\"sl-SI\",\"@id\":\"https:\\\/\\\/ziva-voda.com\\\/blog\\\/delavnice-in-tecaji\\\/#primaryimage\",\"url\":\"https:\\\/\\\/ziva-voda.com\\\/blog\\\/wp-content\\\/uploads\\\/Delavnice-postenja.png\",\"contentUrl\":\"https:\\\/\\\/ziva-voda.com\\\/blog\\\/wp-content\\\/uploads\\\/Delavnice-postenja.png\",\"width\":423,\"height\":277,\"caption\":\"Delavnice polnovrednega postenja\"},{\"@type\":\"BreadcrumbList\",\"@id\":\"https:\\\/\\\/ziva-voda.com\\\/blog\\\/delavnice-in-tecaji\\\/#breadcrumb\",\"itemListElement\":[{\"@type\":\"ListItem\",\"position\":1,\"name\":\"Domov\",\"item\":\"https:\\\/\\\/ziva-voda.com\\\/blog\\\/\"},{\"@type\":\"ListItem\",\"position\":2,\"name\":\"Delavnice in te\u010daji\"}]},{\"@type\":\"WebSite\",\"@id\":\"https:\\\/\\\/ziva-voda.com\\\/blog\\\/#website\",\"url\":\"https:\\\/\\\/ziva-voda.com\\\/blog\\\/\",\"name\":\"\u017diva Voda Blog\",\"description\":\"Male Skrivnosti za Ve\u010d Energije in Bolj\u0161e Po\u010dutje\",\"potentialAction\":[{\"@type\":\"SearchAction\",\"target\":{\"@type\":\"EntryPoint\",\"urlTemplate\":\"https:\\\/\\\/ziva-voda.com\\\/blog\\\/?s={search_term_string}\"},\"query-input\":{\"@type\":\"PropertyValueSpecification\",\"valueRequired\":true,\"valueName\":\"search_term_string\"}}],\"inLanguage\":\"sl-SI\"}]}<\/script>\n<!-- \/ Yoast SEO plugin. -->","yoast_head_json":{"title":"Te\u010daj polnovrednega postenja po sistemu dr. Ostana","robots":{"index":"index","follow":"follow","max-snippet":"max-snippet:-1","max-image-preview":"max-image-preview:large","max-video-preview":"max-video-preview:-1"},"canonical":"https:\/\/ziva-voda.com\/blog\/delavnice-in-tecaji\/","og_locale":"sl_SI","og_type":"article","og_title":"Te\u010daj polnovrednega postenja po sistemu dr. Ostana","og_description":"Te\u010daj polnovrednega postenja V Kri\u0161ki vasi se ob\u010dasno izvajajo 3- do 8-dnevni te\u010daji polnovrednega postenja po sistemu dr. Ostana. Obvezna je predhodna prijava. Ve\u010d informacij po telefonu s klicem na 041 517 256, po e-po\u0161ti dih.klanscek@gmail.com ali na https:\/\/postenjedih.si. &nbsp; &nbsp; &nbsp;","og_url":"https:\/\/ziva-voda.com\/blog\/delavnice-in-tecaji\/","og_site_name":"\u017diva Voda Blog","article_publisher":"https:\/\/sl-si.facebook.com\/zivavoda.megahydrate","article_modified_time":"2020-01-15T20:04:44+00:00","og_image":[{"width":423,"height":277,"url":"https:\/\/ziva-voda.com\/blog\/wp-content\/uploads\/Delavnice-postenja.png","type":"image\/png"}],"twitter_card":"summary_large_image","twitter_site":"@zivavoda","schema":{"@context":"https:\/\/schema.org","@graph":[{"@type":"WebPage","@id":"https:\/\/ziva-voda.com\/blog\/delavnice-in-tecaji\/","url":"https:\/\/ziva-voda.com\/blog\/delavnice-in-tecaji\/","name":"Te\u010daj polnovrednega postenja po sistemu dr. Ostana","isPartOf":{"@id":"https:\/\/ziva-voda.com\/blog\/#website"},"primaryImageOfPage":{"@id":"https:\/\/ziva-voda.com\/blog\/delavnice-in-tecaji\/#primaryimage"},"image":{"@id":"https:\/\/ziva-voda.com\/blog\/delavnice-in-tecaji\/#primaryimage"},"thumbnailUrl":"https:\/\/ziva-voda.com\/blog\/wp-content\/uploads\/Delavnice-postenja.png","datePublished":"2017-02-04T22:55:04+00:00","dateModified":"2020-01-15T20:04:44+00:00","breadcrumb":{"@id":"https:\/\/ziva-voda.com\/blog\/delavnice-in-tecaji\/#breadcrumb"},"inLanguage":"sl-SI","potentialAction":[{"@type":"ReadAction","target":["https:\/\/ziva-voda.com\/blog\/delavnice-in-tecaji\/"]}]},{"@type":"ImageObject","inLanguage":"sl-SI","@id":"https:\/\/ziva-voda.com\/blog\/delavnice-in-tecaji\/#primaryimage","url":"https:\/\/ziva-voda.com\/blog\/wp-content\/uploads\/Delavnice-postenja.png","contentUrl":"https:\/\/ziva-voda.com\/blog\/wp-content\/uploads\/Delavnice-postenja.png","width":423,"height":277,"caption":"Delavnice polnovrednega postenja"},{"@type":"BreadcrumbList","@id":"https:\/\/ziva-voda.com\/blog\/delavnice-in-tecaji\/#breadcrumb","itemListElement":[{"@type":"ListItem","position":1,"name":"Domov","item":"https:\/\/ziva-voda.com\/blog\/"},{"@type":"ListItem","position":2,"name":"Delavnice in te\u010daji"}]},{"@type":"WebSite","@id":"https:\/\/ziva-voda.com\/blog\/#website","url":"https:\/\/ziva-voda.com\/blog\/","name":"\u017diva Voda Blog","description":"Male Skrivnosti za Ve\u010d Energije in Bolj\u0161e Po\u010dutje","potentialAction":[{"@type":"SearchAction","target":{"@type":"EntryPoint","urlTemplate":"https:\/\/ziva-voda.com\/blog\/?s={search_term_string}"},"query-input":{"@type":"PropertyValueSpecification","valueRequired":true,"valueName":"search_term_string"}}],"inLanguage":"sl-SI"}]}},"_links":{"self":[{"href":"https:\/\/ziva-voda.com\/blog\/wp-json\/wp\/v2\/pages\/1550","targetHints":{"allow":["GET"]}}],"collection":[{"href":"https:\/\/ziva-voda.com\/blog\/wp-json\/wp\/v2\/pages"}],"about":[{"href":"https:\/\/ziva-voda.com\/blog\/wp-json\/wp\/v2\/types\/page"}],"author":[{"embeddable":true,"href":"https:\/\/ziva-voda.com\/blog\/wp-json\/wp\/v2\/users\/88889"}],"replies":[{"embeddable":true,"href":"https:\/\/ziva-voda.com\/blog\/wp-json\/wp\/v2\/comments?post=1550"}],"version-history":[{"count":0,"href":"https:\/\/ziva-voda.com\/blog\/wp-json\/wp\/v2\/pages\/1550\/revisions"}],"wp:featuredmedia":[{"embeddable":true,"href":"https:\/\/ziva-voda.com\/blog\/wp-json\/wp\/v2\/media\/1554"}],"wp:attachment":[{"href":"https:\/\/ziva-voda.com\/blog\/wp-json\/wp\/v2\/media?parent=1550"}],"curies":[{"name":"wp","href":"https:\/\/api.w.org\/{rel}","templated":true}]}}