{"id":1439,"date":"2016-11-05T15:01:58","date_gmt":"2016-11-05T22:01:58","guid":{"rendered":"https:\/\/ziva-voda.com\/blog\/?page_id=1439"},"modified":"2016-11-05T15:11:18","modified_gmt":"2016-11-05T22:11:18","slug":"narocilo-knjig","status":"publish","type":"page","link":"https:\/\/ziva-voda.com\/blog\/narocilo-knjig\/","title":{"rendered":"Izpolnite obrazec za naro\u010dilo knjige"},"content":{"rendered":"\n<div class=\"wpcf7 no-js\" id=\"wpcf7-f1432-o1\" lang=\"sl-SI\" dir=\"ltr\" data-wpcf7-id=\"1432\">\n<div class=\"screen-reader-response\"><p role=\"status\" aria-live=\"polite\" aria-atomic=\"true\"><\/p> <ul><\/ul><\/div>\n<form action=\"\/blog\/wp-json\/wp\/v2\/pages\/1439#wpcf7-f1432-o1\" method=\"post\" class=\"wpcf7-form init\" aria-label=\"Contact form\" novalidate=\"novalidate\" data-status=\"init\">\n<fieldset class=\"hidden-fields-container\"><input type=\"hidden\" name=\"_wpcf7\" value=\"1432\" \/><input type=\"hidden\" name=\"_wpcf7_version\" value=\"6.1.5\" \/><input type=\"hidden\" name=\"_wpcf7_locale\" value=\"sl_SI\" \/><input type=\"hidden\" name=\"_wpcf7_unit_tag\" value=\"wpcf7-f1432-o1\" \/><input type=\"hidden\" name=\"_wpcf7_container_post\" value=\"0\" \/><input type=\"hidden\" name=\"_wpcf7_posted_data_hash\" value=\"\" \/>\n<\/fieldset>\n<p>Izberite Knjigo\/e\n<\/p>\n<p><span class=\"wpcf7-form-control-wrap\" data-name=\"checkbox-643\"><span class=\"wpcf7-form-control wpcf7-checkbox wpcf7-validates-as-required\"><span class=\"wpcf7-list-item first\"><label><input type=\"checkbox\" name=\"checkbox-643[]\" value=\"Prijateljem najbolj\u0161e! Sistem prehranske prve pomo\u010di dr.Iztoka Ostana (10,00 \u20ac)\" \/><span class=\"wpcf7-list-item-label\">Prijateljem najbolj\u0161e! Sistem prehranske prve pomo\u010di dr.Iztoka Ostana (10,00 \u20ac)<\/span><\/label><\/span><span class=\"wpcf7-list-item\"><label><input type=\"checkbox\" name=\"checkbox-643[]\" value=\"HUJ\u0160ANJE s prehranskimi dopolnili tipa OKA (10,00 \u20ac)\" \/><span class=\"wpcf7-list-item-label\">HUJ\u0160ANJE s prehranskimi dopolnili tipa OKA (10,00 \u20ac)<\/span><\/label><\/span><span class=\"wpcf7-list-item\"><label><input type=\"checkbox\" name=\"checkbox-643[]\" value=\"Beljakovine za \u017eivljenje in smrt (14,90 \u20ac)\" \/><span class=\"wpcf7-list-item-label\">Beljakovine za \u017eivljenje in smrt (14,90 \u20ac)<\/span><\/label><\/span><span class=\"wpcf7-list-item last\"><label><input type=\"checkbox\" name=\"checkbox-643[]\" value=\"\u017dive vode (19,90 \u20ac)\" \/><span class=\"wpcf7-list-item-label\">\u017dive vode (19,90 \u20ac)<\/span><\/label><\/span><\/span><\/span>\n<\/p>\n<p><label> Va\u0161e ime in priimek(obvezno)<br \/>\n<span class=\"wpcf7-form-control-wrap\" data-name=\"your-name\"><input size=\"40\" maxlength=\"400\" class=\"wpcf7-form-control wpcf7-text wpcf7-validates-as-required\" aria-required=\"true\" aria-invalid=\"false\" value=\"\" type=\"text\" name=\"your-name\" \/><\/span> <\/label>\n<\/p>\n<p><label> Va\u0161a e-po\u0161ta (obvezno)<br \/>\n<span class=\"wpcf7-form-control-wrap\" data-name=\"your-email\"><input size=\"40\" maxlength=\"400\" class=\"wpcf7-form-control wpcf7-email wpcf7-validates-as-required wpcf7-text wpcf7-validates-as-email\" aria-required=\"true\" aria-invalid=\"false\" value=\"\" type=\"email\" name=\"your-email\" \/><\/span> <\/label>\n<\/p>\n<p><label> Va\u0161 naslov<br \/>\n<span class=\"wpcf7-form-control-wrap\" data-name=\"your-message\"><textarea cols=\"40\" rows=\"10\" maxlength=\"2000\" class=\"wpcf7-form-control wpcf7-textarea wpcf7-validates-as-required\" aria-required=\"true\" aria-invalid=\"false\" name=\"your-message\"><\/textarea><\/span> <\/label>\n<\/p>\n<p><label> Telefon<br \/>\n<span class=\"wpcf7-form-control-wrap\" data-name=\"tel-359\"><input size=\"40\" maxlength=\"400\" class=\"wpcf7-form-control wpcf7-tel wpcf7-validates-as-required wpcf7-text wpcf7-validates-as-tel\" aria-required=\"true\" aria-invalid=\"false\" value=\"\" type=\"tel\" name=\"tel-359\" \/><\/span> <\/label>\n<\/p>\n<p><input class=\"wpcf7-form-control wpcf7-submit has-spinner\" type=\"submit\" value=\"Po\u0161lji\" \/>\n<\/p>\n<p><i>Va\u0161e naro\u010dilo oddano preko tega obrazca, bo nemudoma posredovano podjetju Institut.O d.o.o. iz Kopra, ki vam bo izbrane knjige skupaj z ra\u010dunom poslalo v najkraj\u0161em mo\u017enem \u010dasu.<\/i>\n<\/p><p style=\"display: none !important;\" class=\"akismet-fields-container\" data-prefix=\"_wpcf7_ak_\"><label>&#916;<textarea name=\"_wpcf7_ak_hp_textarea\" cols=\"45\" rows=\"8\" maxlength=\"100\"><\/textarea><\/label><input type=\"hidden\" id=\"ak_js_1\" name=\"_wpcf7_ak_js\" value=\"42\"\/><script>document.getElementById( \"ak_js_1\" ).setAttribute( \"value\", ( new Date() ).getTime() );<\/script><\/p><div class=\"wpcf7-response-output\" aria-hidden=\"true\"><\/div>\n<\/form>\n<\/div>\n\n<div style=\"display: none;\">\n<div id=\"inline_content\">\n<div class=\"wpcf7 no-js\" id=\"wpcf7-f1432-o2\" lang=\"sl-SI\" dir=\"ltr\" data-wpcf7-id=\"1432\">\n<div class=\"screen-reader-response\"><p role=\"status\" aria-live=\"polite\" aria-atomic=\"true\"><\/p> <ul><\/ul><\/div>\n<form action=\"\/blog\/wp-json\/wp\/v2\/pages\/1439#wpcf7-f1432-o2\" method=\"post\" class=\"wpcf7-form init\" aria-label=\"Contact form\" novalidate=\"novalidate\" data-status=\"init\">\n<fieldset class=\"hidden-fields-container\"><input type=\"hidden\" name=\"_wpcf7\" value=\"1432\" \/><input type=\"hidden\" name=\"_wpcf7_version\" value=\"6.1.5\" \/><input type=\"hidden\" name=\"_wpcf7_locale\" value=\"sl_SI\" \/><input type=\"hidden\" name=\"_wpcf7_unit_tag\" value=\"wpcf7-f1432-o2\" \/><input type=\"hidden\" name=\"_wpcf7_container_post\" value=\"0\" \/><input type=\"hidden\" name=\"_wpcf7_posted_data_hash\" value=\"\" \/>\n<\/fieldset>\n<p>Izberite Knjigo\/e\n<\/p>\n<p><span class=\"wpcf7-form-control-wrap\" data-name=\"checkbox-643\"><span class=\"wpcf7-form-control wpcf7-checkbox wpcf7-validates-as-required\"><span class=\"wpcf7-list-item first\"><label><input type=\"checkbox\" name=\"checkbox-643[]\" value=\"Prijateljem najbolj\u0161e! Sistem prehranske prve pomo\u010di dr.Iztoka Ostana (10,00 \u20ac)\" \/><span class=\"wpcf7-list-item-label\">Prijateljem najbolj\u0161e! Sistem prehranske prve pomo\u010di dr.Iztoka Ostana (10,00 \u20ac)<\/span><\/label><\/span><span class=\"wpcf7-list-item\"><label><input type=\"checkbox\" name=\"checkbox-643[]\" value=\"HUJ\u0160ANJE s prehranskimi dopolnili tipa OKA (10,00 \u20ac)\" \/><span class=\"wpcf7-list-item-label\">HUJ\u0160ANJE s prehranskimi dopolnili tipa OKA (10,00 \u20ac)<\/span><\/label><\/span><span class=\"wpcf7-list-item\"><label><input type=\"checkbox\" name=\"checkbox-643[]\" value=\"Beljakovine za \u017eivljenje in smrt (14,90 \u20ac)\" \/><span class=\"wpcf7-list-item-label\">Beljakovine za \u017eivljenje in smrt (14,90 \u20ac)<\/span><\/label><\/span><span class=\"wpcf7-list-item last\"><label><input type=\"checkbox\" name=\"checkbox-643[]\" value=\"\u017dive vode (19,90 \u20ac)\" \/><span class=\"wpcf7-list-item-label\">\u017dive vode (19,90 \u20ac)<\/span><\/label><\/span><\/span><\/span>\n<\/p>\n<p><label> Va\u0161e ime in priimek(obvezno)<br \/>\n<span class=\"wpcf7-form-control-wrap\" data-name=\"your-name\"><input size=\"40\" maxlength=\"400\" class=\"wpcf7-form-control wpcf7-text wpcf7-validates-as-required\" aria-required=\"true\" aria-invalid=\"false\" value=\"\" type=\"text\" name=\"your-name\" \/><\/span> <\/label>\n<\/p>\n<p><label> Va\u0161a e-po\u0161ta (obvezno)<br \/>\n<span class=\"wpcf7-form-control-wrap\" data-name=\"your-email\"><input size=\"40\" maxlength=\"400\" class=\"wpcf7-form-control wpcf7-email wpcf7-validates-as-required wpcf7-text wpcf7-validates-as-email\" aria-required=\"true\" aria-invalid=\"false\" value=\"\" type=\"email\" name=\"your-email\" \/><\/span> <\/label>\n<\/p>\n<p><label> Va\u0161 naslov<br \/>\n<span class=\"wpcf7-form-control-wrap\" data-name=\"your-message\"><textarea cols=\"40\" rows=\"10\" maxlength=\"2000\" class=\"wpcf7-form-control wpcf7-textarea wpcf7-validates-as-required\" aria-required=\"true\" aria-invalid=\"false\" name=\"your-message\"><\/textarea><\/span> <\/label>\n<\/p>\n<p><label> Telefon<br \/>\n<span class=\"wpcf7-form-control-wrap\" data-name=\"tel-359\"><input size=\"40\" maxlength=\"400\" class=\"wpcf7-form-control wpcf7-tel wpcf7-validates-as-required wpcf7-text wpcf7-validates-as-tel\" aria-required=\"true\" aria-invalid=\"false\" value=\"\" type=\"tel\" name=\"tel-359\" \/><\/span> <\/label>\n<\/p>\n<p><input class=\"wpcf7-form-control wpcf7-submit has-spinner\" type=\"submit\" value=\"Po\u0161lji\" \/>\n<\/p>\n<p><i>Va\u0161e naro\u010dilo oddano preko tega obrazca, bo nemudoma posredovano podjetju Institut.O d.o.o. iz Kopra, ki vam bo izbrane knjige skupaj z ra\u010dunom poslalo v najkraj\u0161em mo\u017enem \u010dasu.<\/i>\n<\/p><p style=\"display: none !important;\" class=\"akismet-fields-container\" data-prefix=\"_wpcf7_ak_\"><label>&#916;<textarea name=\"_wpcf7_ak_hp_textarea\" cols=\"45\" rows=\"8\" maxlength=\"100\"><\/textarea><\/label><input type=\"hidden\" id=\"ak_js_2\" name=\"_wpcf7_ak_js\" value=\"54\"\/><script>document.getElementById( \"ak_js_2\" ).setAttribute( \"value\", ( new Date() ).getTime() );<\/script><\/p><div class=\"wpcf7-response-output\" aria-hidden=\"true\"><\/div>\n<\/form>\n<\/div>\n<\/div>\n<\/div>\n","protected":false},"excerpt":{"rendered":"","protected":false},"author":88889,"featured_media":0,"parent":0,"menu_order":0,"comment_status":"closed","ping_status":"closed","template":"","meta":{"_acf_changed":false,"_et_pb_use_builder":"","_et_pb_old_content":"","_et_gb_content_width":"","footnotes":""},"class_list":["post-1439","page","type-page","status-publish","hentry"],"acf":[],"yoast_head":"<!-- This site is optimized with the Yoast SEO plugin v27.3 - https:\/\/yoast.com\/product\/yoast-seo-wordpress\/ -->\n<title>Izpolnite obrazec za naro\u010dilo knjige<\/title>\n<meta name=\"robots\" content=\"index, follow, max-snippet:-1, max-image-preview:large, max-video-preview:-1\" \/>\n<link rel=\"canonical\" href=\"https:\/\/ziva-voda.com\/blog\/narocilo-knjig\/\" \/>\n<meta property=\"og:locale\" content=\"sl_SI\" \/>\n<meta property=\"og:type\" content=\"article\" \/>\n<meta property=\"og:title\" content=\"Izpolnite obrazec za naro\u010dilo knjige\" \/>\n<meta property=\"og:url\" content=\"https:\/\/ziva-voda.com\/blog\/narocilo-knjig\/\" \/>\n<meta property=\"og:site_name\" content=\"\u017diva Voda Blog\" \/>\n<meta property=\"article:publisher\" content=\"https:\/\/sl-si.facebook.com\/zivavoda.megahydrate\" \/>\n<meta property=\"article:modified_time\" content=\"2016-11-05T22:11:18+00:00\" \/>\n<meta name=\"twitter:card\" content=\"summary_large_image\" \/>\n<meta name=\"twitter:site\" content=\"@zivavoda\" \/>\n<script type=\"application\/ld+json\" class=\"yoast-schema-graph\">{\"@context\":\"https:\\\/\\\/schema.org\",\"@graph\":[{\"@type\":\"WebPage\",\"@id\":\"https:\\\/\\\/ziva-voda.com\\\/blog\\\/narocilo-knjig\\\/\",\"url\":\"https:\\\/\\\/ziva-voda.com\\\/blog\\\/narocilo-knjig\\\/\",\"name\":\"Izpolnite obrazec za naro\u010dilo knjige\",\"isPartOf\":{\"@id\":\"https:\\\/\\\/ziva-voda.com\\\/blog\\\/#website\"},\"datePublished\":\"2016-11-05T22:01:58+00:00\",\"dateModified\":\"2016-11-05T22:11:18+00:00\",\"breadcrumb\":{\"@id\":\"https:\\\/\\\/ziva-voda.com\\\/blog\\\/narocilo-knjig\\\/#breadcrumb\"},\"inLanguage\":\"sl-SI\",\"potentialAction\":[{\"@type\":\"ReadAction\",\"target\":[\"https:\\\/\\\/ziva-voda.com\\\/blog\\\/narocilo-knjig\\\/\"]}]},{\"@type\":\"BreadcrumbList\",\"@id\":\"https:\\\/\\\/ziva-voda.com\\\/blog\\\/narocilo-knjig\\\/#breadcrumb\",\"itemListElement\":[{\"@type\":\"ListItem\",\"position\":1,\"name\":\"Domov\",\"item\":\"https:\\\/\\\/ziva-voda.com\\\/blog\\\/\"},{\"@type\":\"ListItem\",\"position\":2,\"name\":\"Izpolnite obrazec za naro\u010dilo knjige\"}]},{\"@type\":\"WebSite\",\"@id\":\"https:\\\/\\\/ziva-voda.com\\\/blog\\\/#website\",\"url\":\"https:\\\/\\\/ziva-voda.com\\\/blog\\\/\",\"name\":\"\u017diva Voda Blog\",\"description\":\"Male Skrivnosti za Ve\u010d Energije in Bolj\u0161e Po\u010dutje\",\"potentialAction\":[{\"@type\":\"SearchAction\",\"target\":{\"@type\":\"EntryPoint\",\"urlTemplate\":\"https:\\\/\\\/ziva-voda.com\\\/blog\\\/?s={search_term_string}\"},\"query-input\":{\"@type\":\"PropertyValueSpecification\",\"valueRequired\":true,\"valueName\":\"search_term_string\"}}],\"inLanguage\":\"sl-SI\"}]}<\/script>\n<!-- \/ Yoast SEO plugin. -->","yoast_head_json":{"title":"Izpolnite obrazec za naro\u010dilo knjige","robots":{"index":"index","follow":"follow","max-snippet":"max-snippet:-1","max-image-preview":"max-image-preview:large","max-video-preview":"max-video-preview:-1"},"canonical":"https:\/\/ziva-voda.com\/blog\/narocilo-knjig\/","og_locale":"sl_SI","og_type":"article","og_title":"Izpolnite obrazec za naro\u010dilo knjige","og_url":"https:\/\/ziva-voda.com\/blog\/narocilo-knjig\/","og_site_name":"\u017diva Voda Blog","article_publisher":"https:\/\/sl-si.facebook.com\/zivavoda.megahydrate","article_modified_time":"2016-11-05T22:11:18+00:00","twitter_card":"summary_large_image","twitter_site":"@zivavoda","schema":{"@context":"https:\/\/schema.org","@graph":[{"@type":"WebPage","@id":"https:\/\/ziva-voda.com\/blog\/narocilo-knjig\/","url":"https:\/\/ziva-voda.com\/blog\/narocilo-knjig\/","name":"Izpolnite obrazec za naro\u010dilo knjige","isPartOf":{"@id":"https:\/\/ziva-voda.com\/blog\/#website"},"datePublished":"2016-11-05T22:01:58+00:00","dateModified":"2016-11-05T22:11:18+00:00","breadcrumb":{"@id":"https:\/\/ziva-voda.com\/blog\/narocilo-knjig\/#breadcrumb"},"inLanguage":"sl-SI","potentialAction":[{"@type":"ReadAction","target":["https:\/\/ziva-voda.com\/blog\/narocilo-knjig\/"]}]},{"@type":"BreadcrumbList","@id":"https:\/\/ziva-voda.com\/blog\/narocilo-knjig\/#breadcrumb","itemListElement":[{"@type":"ListItem","position":1,"name":"Domov","item":"https:\/\/ziva-voda.com\/blog\/"},{"@type":"ListItem","position":2,"name":"Izpolnite obrazec za naro\u010dilo knjige"}]},{"@type":"WebSite","@id":"https:\/\/ziva-voda.com\/blog\/#website","url":"https:\/\/ziva-voda.com\/blog\/","name":"\u017diva Voda Blog","description":"Male Skrivnosti za Ve\u010d Energije in Bolj\u0161e Po\u010dutje","potentialAction":[{"@type":"SearchAction","target":{"@type":"EntryPoint","urlTemplate":"https:\/\/ziva-voda.com\/blog\/?s={search_term_string}"},"query-input":{"@type":"PropertyValueSpecification","valueRequired":true,"valueName":"search_term_string"}}],"inLanguage":"sl-SI"}]}},"_links":{"self":[{"href":"https:\/\/ziva-voda.com\/blog\/wp-json\/wp\/v2\/pages\/1439","targetHints":{"allow":["GET"]}}],"collection":[{"href":"https:\/\/ziva-voda.com\/blog\/wp-json\/wp\/v2\/pages"}],"about":[{"href":"https:\/\/ziva-voda.com\/blog\/wp-json\/wp\/v2\/types\/page"}],"author":[{"embeddable":true,"href":"https:\/\/ziva-voda.com\/blog\/wp-json\/wp\/v2\/users\/88889"}],"replies":[{"embeddable":true,"href":"https:\/\/ziva-voda.com\/blog\/wp-json\/wp\/v2\/comments?post=1439"}],"version-history":[{"count":0,"href":"https:\/\/ziva-voda.com\/blog\/wp-json\/wp\/v2\/pages\/1439\/revisions"}],"wp:attachment":[{"href":"https:\/\/ziva-voda.com\/blog\/wp-json\/wp\/v2\/media?parent=1439"}],"curies":[{"name":"wp","href":"https:\/\/api.w.org\/{rel}","templated":true}]}}