{"id":1112,"date":"2016-06-07T13:51:06","date_gmt":"2016-06-07T20:51:06","guid":{"rendered":"https:\/\/ziva-voda.com\/blog\/?page_id=1112"},"modified":"2025-07-15T14:09:08","modified_gmt":"2025-07-15T12:09:08","slug":"prijava-na-novice","status":"publish","type":"page","link":"https:\/\/ziva-voda.com\/blog\/prijava-na-novice\/","title":{"rendered":"Prijava na Novice"},"content":{"rendered":"\n<!-- Begin Brevo Form -->\n<!-- START - We recommend to place the below code in head tag of your website html  -->\n<style>\n  @font-face {\n    font-display: block;\n    font-family: Roboto;\n    src: url(https:\/\/assets.brevo.com\/font\/Roboto\/Latin\/normal\/normal\/7529907e9eaf8ebb5220c5f9850e3811.woff2) format(\"woff2\"), url(https:\/\/assets.brevo.com\/font\/Roboto\/Latin\/normal\/normal\/25c678feafdc175a70922a116c9be3e7.woff) format(\"woff\")\n  }\n\n  @font-face {\n    font-display: fallback;\n    font-family: Roboto;\n    font-weight: 600;\n    src: url(https:\/\/assets.brevo.com\/font\/Roboto\/Latin\/medium\/normal\/6e9caeeafb1f3491be3e32744bc30440.woff2) format(\"woff2\"), url(https:\/\/assets.brevo.com\/font\/Roboto\/Latin\/medium\/normal\/71501f0d8d5aa95960f6475d5487d4c2.woff) format(\"woff\")\n  }\n\n  @font-face {\n    font-display: fallback;\n    font-family: Roboto;\n    font-weight: 700;\n    src: url(https:\/\/assets.brevo.com\/font\/Roboto\/Latin\/bold\/normal\/3ef7cf158f310cf752d5ad08cd0e7e60.woff2) format(\"woff2\"), url(https:\/\/assets.brevo.com\/font\/Roboto\/Latin\/bold\/normal\/ece3a1d82f18b60bcce0211725c476aa.woff) format(\"woff\")\n  }\n\n  #sib-container input:-ms-input-placeholder {\n    text-align: left;\n    font-family: Helvetica, sans-serif;\n    color: #c0ccda;\n  }\n\n  #sib-container input::placeholder {\n    text-align: left;\n    font-family: Helvetica, sans-serif;\n    color: #c0ccda;\n  }\n\n  #sib-container textarea::placeholder {\n    text-align: left;\n    font-family: Helvetica, sans-serif;\n    color: #c0ccda;\n  }\n\n  #sib-container a {\n    text-decoration: underline;\n    color: #2BB2FC;\n  }\n  \n  .entry__field input {\n    width: 100%;\n    box-sizing: border-box;\n  }\n<\/style>\n<meta name=\"viewport\" content=\"width=device-width, initial-scale=1.0\">\n<link rel=\"stylesheet\" href=\"https:\/\/sibforms.com\/forms\/end-form\/build\/sib-styles.css\">\n<!--  END - We recommend to place the above code in head tag of your website html -->\n\n<!-- START - We recommend to place the below code where you want the form in your website html  -->\n<div class=\"sib-form\" style=\"text-align: center;\n         background-color: #EFF2F7;                                 \">\n  <div id=\"sib-form-container\" class=\"sib-form-container\">\n    <div id=\"error-message\" class=\"sib-form-message-panel\" style=\"font-size:16px; text-align:left; font-family:Helvetica, sans-serif; color:#661d1d; background-color:#ffeded; border-radius:3px; border-color:#ff4949;max-width:100%;\">\n      <div class=\"sib-form-message-panel__text sib-form-message-panel__text--center\">\n        <svg viewBox=\"0 0 512 512\" class=\"sib-icon sib-notification__icon\">\n          <path d=\"M256 40c118.621 0 216 96.075 216 216 0 119.291-96.61 216-216 216-119.244 0-216-96.562-216-216 0-119.203 96.602-216 216-216m0-32C119.043 8 8 119.083 8 256c0 136.997 111.043 248 248 248s248-111.003 248-248C504 119.083 392.957 8 256 8zm-11.49 120h22.979c6.823 0 12.274 5.682 11.99 12.5l-7 168c-.268 6.428-5.556 11.5-11.99 11.5h-8.979c-6.433 0-11.722-5.073-11.99-11.5l-7-168c-.283-6.818 5.167-12.5 11.99-12.5zM256 340c-15.464 0-28 12.536-28 28s12.536 28 28 28 28-12.536 28-28-12.536-28-28-28z\" \/>\n        <\/svg>\n        <span class=\"sib-form-message-panel__inner-text\">\n                          Va\u0161e prijave ni bilo mogo\u010de shraniti. Prosimo, poskusite znova.\n                      <\/span>\n      <\/div>\n    <\/div>\n    <div><\/div>\n    <div id=\"success-message\" class=\"sib-form-message-panel\" style=\"font-size:16px; text-align:left; font-family:Helvetica, sans-serif; color:#085229; background-color:#e7faf0; border-radius:3px; border-color:#13ce66;max-width:100%;\">\n      <div class=\"sib-form-message-panel__text sib-form-message-panel__text--center\">\n        <svg viewBox=\"0 0 512 512\" class=\"sib-icon sib-notification__icon\">\n          <path d=\"M256 8C119.033 8 8 119.033 8 256s111.033 248 248 248 248-111.033 248-248S392.967 8 256 8zm0 464c-118.664 0-216-96.055-216-216 0-118.663 96.055-216 216-216 118.664 0 216 96.055 216 216 0 118.663-96.055 216-216 216zm141.63-274.961L217.15 376.071c-4.705 4.667-12.303 4.637-16.97-.068l-85.878-86.572c-4.667-4.705-4.637-12.303.068-16.97l8.52-8.451c4.705-4.667 12.303-4.637 16.97.068l68.976 69.533 163.441-162.13c4.705-4.667 12.303-4.637 16.97.068l8.451 8.52c4.668 4.705 4.637 12.303-.068 16.97z\" \/>\n        <\/svg>\n        <span class=\"sib-form-message-panel__inner-text\">\n                          Va\u0161a prijava je bila uspe\u0161na.\n                      <\/span>\n      <\/div>\n    <\/div>\n    <div><\/div>\n    <div id=\"sib-container\" class=\"sib-container--large sib-container--vertical\" style=\"text-align:center; background-color:rgba(255,255,255,1); max-width:100%; width:100%; border-radius:3px; border-width:1px; border-color:#C0CCD9; border-style:solid; direction:ltr\">\n      <form id=\"sib-form\" method=\"POST\" action=\"https:\/\/a93f0616.sibforms.com\/serve\/MUIFANY-CpVztIqns3cRTKH3Swv078SXm_Va1AMpSAFA37nfldtQfcdnemIj7OKzTpz6GazRmioqREXDMKKoE-eTl-6xl3KflQT_YVb6KHSeSAwSnZT-9Mw4JthegbKUfwA-jHVz7QxUkNY2fBVGpQJEVk0lxprRKsjfMaA5giNPSwqFoiVBTERBcX6bXrDERuqdOpJm3iHt6yry\" data-type=\"subscription\">\n        <div style=\"padding: 8px 0;\">\n          <div class=\"sib-form-block\" style=\"font-size:18px; text-align:left; font-weight:700; font-family:Helvetica, sans-serif; color:#071eab; background-color:transparent; text-align:left\">\n            <p>Brezpla\u010dne mese\u010dne novice &#8220;Prijateljem Najbolj\u0161e!&#8221;<\/p>\n          <\/div>\n        <\/div>\n        <div style=\"padding: 8px 0;\">\n          <div class=\"sib-form-block sib-image-form-block\" style=\"text-align: center\">\n            <img decoding=\"async\" data-src=\"https:\/\/img.mailinblue.com\/8541172\/images\/content_library\/original\/68763e0ca244b0ed592a1aea.png\" style=\"max-width:100%; height:auto;\" alt=\"\" title=\"\" src=\"data:image\/svg+xml;base64,PHN2ZyB3aWR0aD0iMSIgaGVpZ2h0PSIxIiB4bWxucz0iaHR0cDovL3d3dy53My5vcmcvMjAwMC9zdmciPjwvc3ZnPg==\" class=\"lazyload\" \/>\n          <\/div>\n        <\/div>\n        <div style=\"padding: 8px 0;\">\n          <div class=\"sib-form-block\" style=\"font-size:16px; text-align:left; font-family:Helvetica, sans-serif; color:#000000; background-color:transparent; text-align:left\">\n            <p>Pridru\u017eite se ve\u010d kot 3.500 bralcem mese\u010dnih novic dr. Iztoka Ostana in bodite med prvimi, ki prejmejo:<\/p>\n            <p><br><\/p>\n            <p>\u2713 Najnovej\u0161a spoznanja o naravni podpori vitalnosti&nbsp;<\/p>\n            <p>\u2713 Prakti\u010dne nasvete za optimalno prehrano in \u017eivljenjski slog<\/p>\n            <p>\u2713 Resni\u010dne izku\u0161nje uporabnikov s prehransko podporo&nbsp;<\/p>\n            <p>\u2713 Ekskluzivne vsebine, ki jih ne objavljamo drugje&nbsp;<\/p>\n            <p>\u2713 Novosti o izdelkih in \u0161e ve\u010d..<\/p>\n            <p><br><\/p>\n            <p>1 x na mesec vam v va\u0161 e-po\u0161tni nabiralnik po\u0161ljemo dragocene informacije o prehranski podpori za bolj\u0161e po\u010dutje in vitalnost v vseh \u017eivljenjskih obdobjih.<\/p>\n          <\/div>\n        <\/div>\n        <div style=\"padding: 8px 0;\">\n          <div class=\"sib-input sib-form-block\">\n            <div class=\"form__entry entry_block\">\n              <div class=\"form__label-row \">\n                <label class=\"entry__label\" style=\"font-weight: 700; text-align:left; font-size:16px; text-align:left; font-weight:700; font-family:Helvetica, sans-serif; color:#3c4858;\" for=\"FIRSTNAME\" data-required=\"*\">Ime<\/label>\n\n                <div class=\"entry__field\">\n                  <input class=\"input \" maxlength=\"200\" type=\"text\" id=\"FIRSTNAME\" name=\"FIRSTNAME\" autocomplete=\"off\" placeholder=\"Ime\" data-required=\"true\" required \/>\n                <\/div>\n              <\/div>\n\n              <label class=\"entry__error entry__error--primary\" style=\"font-size:16px; text-align:left; font-family:Helvetica, sans-serif; color:#661d1d; background-color:#ffeded; border-radius:3px; border-color:#ff4949;\">\n              <\/label>\n              <label class=\"entry__specification\" style=\"font-size:12px; text-align:left; font-family:Helvetica, sans-serif; color:#8390A4; text-align:left\">\n                Customize this optional help text before publishing your form.\n              <\/label>\n            <\/div>\n          <\/div>\n        <\/div>\n        <div style=\"padding: 8px 0;\">\n          <div class=\"sib-input sib-form-block\">\n            <div class=\"form__entry entry_block\">\n              <div class=\"form__label-row \">\n                <label class=\"entry__label\" style=\"font-weight: 700; text-align:left; font-size:16px; text-align:left; font-weight:700; font-family:Helvetica, sans-serif; color:#3c4858;\" for=\"EMAIL\" data-required=\"*\">EMAIL<\/label>\n\n                <div class=\"entry__field\">\n                  <input class=\"input \" type=\"text\" id=\"EMAIL\" name=\"EMAIL\" autocomplete=\"off\" placeholder=\"EMAIL\" data-required=\"true\" required \/>\n                <\/div>\n              <\/div>\n\n              <label class=\"entry__error entry__error--primary\" style=\"font-size:16px; text-align:left; font-family:Helvetica, sans-serif; color:#661d1d; background-color:#ffeded; border-radius:3px; border-color:#ff4949;\">\n              <\/label>\n              <label class=\"entry__specification\" style=\"font-size:12px; text-align:left; font-family:Helvetica, sans-serif; color:#8390A4; text-align:left\">\n                Customize this optional help text before publishing your form.\n              <\/label>\n            <\/div>\n          <\/div>\n        <\/div>\n        <div style=\"padding: 8px 0;\">\n          <div class=\"sib-optin sib-form-block\" data-required=\"true\">\n            <div class=\"form__entry entry_mcq\">\n              <div class=\"form__label-row \">\n                <div class=\"entry__choice\" style=\"\">\n                  <label>\n                    <input type=\"checkbox\" class=\"input_replaced\" value=\"1\" id=\"CONSENT_STATUS\" name=\"CONSENT_STATUS\" required \/>\n                    <span class=\"checkbox checkbox_tick_positive\"\n            style=\"margin-left:\"\n            ><\/span><span style=\"font-size:14px; text-align:left; font-family:Helvetica, sans-serif; color:#3C4858; background-color:transparent;\"><p>Strinjam se s prejemanjem e-novic in sprejemam pogoje zasebnosti.<\/p><span data-required=\"*\" style=\"display: inline;\" class=\"entry__label entry__label_optin\"><\/span><\/span> <\/label>\n                <\/div>\n              <\/div>\n              <label class=\"entry__error entry__error--primary\" style=\"font-size:16px; text-align:left; font-family:Helvetica, sans-serif; color:#661d1d; background-color:#ffeded; border-radius:3px; border-color:#ff4949;\">\n              <\/label>\n              <label class=\"entry__specification\" style=\"font-size:12px; text-align:left; font-family:Helvetica, sans-serif; color:#8390A4; text-align:left\">\n                Odjava je kadarkoli mo\u017ena preko povezave v na\u0161ih e-novicah.\n              <\/label>\n            <\/div>\n          <\/div>\n        <\/div>\n        <div style=\"padding: 8px 0;\">\n          <div class=\"sib-form-block\" style=\"text-align: center\">\n            <button class=\"sib-form-block__button sib-form-block__button-with-loader\" style=\"font-size:18px; text-align:center; font-weight:700; font-family:Helvetica, sans-serif; color:#FFFFFF; background-color:#11a900; border-radius:5px; border-width:0px;\" form=\"sib-form\" type=\"submit\">\n              <svg class=\"icon clickable__icon progress-indicator__icon sib-hide-loader-icon\" viewBox=\"0 0 512 512\" style=\"\">\n                <path d=\"M460.116 373.846l-20.823-12.022c-5.541-3.199-7.54-10.159-4.663-15.874 30.137-59.886 28.343-131.652-5.386-189.946-33.641-58.394-94.896-95.833-161.827-99.676C261.028 55.961 256 50.751 256 44.352V20.309c0-6.904 5.808-12.337 12.703-11.982 83.556 4.306 160.163 50.864 202.11 123.677 42.063 72.696 44.079 162.316 6.031 236.832-3.14 6.148-10.75 8.461-16.728 5.01z\" \/>\n              <\/svg>\n              Po\u0161lji Zdaj!\n            <\/button>\n          <\/div>\n        <\/div>\n        <div style=\"padding: 8px 0;\">\n          <div class=\"sib-form-block\" style=\"font-size:16px; text-align:left; font-family:Helvetica, sans-serif; color:#000000; background-color:transparent; text-align:left\">\n            <div class=\"sib-text-form-block\">\n              <p><strong>Z izpolnitvijo obrazca prejmete:<\/strong><\/p>\n              <p><strong>&#8211; Mese\u010dne novice &#8220;Prijateljem najbolj\u0161e&#8221;&nbsp;<\/strong><\/p>\n              <p><strong>&#8211; redna strokovna vsebina dr. Iztoka Ostana o zdravju, dobrem po\u010dutju in prakti\u010dnih nasvetih za vsakodnevno \u017eivljenje<\/strong><\/p>\n              <p><strong>&#8211; Obvestila o dogodkih, kjer lahko osebno sre\u010date dr. Ostana in se udele\u017eite posvetov<\/strong><\/p>\n            <\/div>\n          <\/div>\n        <\/div>\n\n        <input type=\"text\" name=\"email_address_check\" value=\"\" class=\"input--hidden\">\n        <input type=\"hidden\" name=\"locale\" value=\"en\">\n      <\/form>\n    <\/div>\n  <\/div>\n<\/div>\n<!-- END - We recommend to place the above code where you want the form in your website html  -->\n\n<!-- START - We recommend to place the below code in footer or bottom of your website html  -->\n<script>\n  window.REQUIRED_CODE_ERROR_MESSAGE = 'Please choose a country code';\n  window.LOCALE = 'en';\n  window.EMAIL_INVALID_MESSAGE = window.SMS_INVALID_MESSAGE = \"Vneseni podatki so neveljavni. Prosimo, preverite vnesene podatke in poskusite znova.\";\n\n  window.REQUIRED_ERROR_MESSAGE = \"To polje ne sme biti prazno. \";\n\n  window.GENERIC_INVALID_MESSAGE = \"Vneseni podatki so neveljavni. Prosimo, preverite vnesene podatke in poskusite znova.\";\n\n\n\n\n  window.translation = {\n    common: {\n      selectedList: '{quantity} list selected',\n      selectedLists: '{quantity} lists selected',\n      selectedOption: '{quantity} selected',\n      selectedOptions: '{quantity} selected',\n    }\n  };\n\n  var AUTOHIDE = Boolean(0);\n<\/script>\n\n<script defer src=\"https:\/\/sibforms.com\/forms\/end-form\/build\/main.js\"><\/script>\n\n\n<!-- END - We recommend to place the above code in footer or bottom of your website html  -->\n<!-- End Brevo Form -->\n\n\n\n<p><script type=\"text\/javascript\">(function(d, s, id) {<br \/>\n    var js, fjs = d.getElementsByTagName(s)[0];<br \/>\n    if (d.getElementById(id)) return;<br \/>\n    js = d.createElement(s); js.id = id;<br \/>\n    js.src = \"\/\/forms.aweber.com\/form\/21\/955342021.js\";<br \/>\n    fjs.parentNode.insertBefore(js, fjs);<br \/>\n    }(document, \"script\", \"aweber-wjs-ru54mvzy4\"));<br \/>\n<\/script><\/p>\n\n\n\n<p><\/p>\n","protected":false},"excerpt":{"rendered":"<p>Va\u0161e prijave ni bilo mogo\u010de shraniti. Prosimo, poskusite znova. Va\u0161a prijava je bila uspe\u0161na. Brezpla\u010dne mese\u010dne novice &#8220;Prijateljem Najbolj\u0161e!&#8221; Pridru\u017eite se ve\u010d kot 3.500 bralcem mese\u010dnih novic dr. Iztoka Ostana in bodite med prvimi, ki prejmejo: \u2713 Najnovej\u0161a spoznanja o naravni podpori vitalnosti&nbsp; \u2713 Prakti\u010dne nasvete za optimalno prehrano in \u017eivljenjski slog \u2713 Resni\u010dne izku\u0161nje [&hellip;]<\/p>\n","protected":false},"author":88889,"featured_media":0,"parent":0,"menu_order":0,"comment_status":"closed","ping_status":"closed","template":"","meta":{"_acf_changed":false,"_et_pb_use_builder":"","_et_pb_old_content":"","_et_gb_content_width":"","footnotes":""},"class_list":["post-1112","page","type-page","status-publish","hentry"],"acf":[],"yoast_head":"<!-- This site is optimized with the Yoast SEO plugin v27.5 - https:\/\/yoast.com\/product\/yoast-seo-wordpress\/ -->\n<title>Prijava na Novice &quot;Prijateljem Najbolj\u0161e!&quot; dr.Iztoka Ostana<\/title>\n<meta name=\"description\" content=\"Vpi\u0161ite svoj email za prejemanje rednih mese\u010dnih novic &quot;Prijateljem Najbolj\u0161e!&quot;, z urnikom predavanj dr.Iztoka Ostana, izku\u0161njah uporabnikov in novih ...\" \/>\n<meta name=\"robots\" content=\"index, follow, max-snippet:-1, max-image-preview:large, max-video-preview:-1\" \/>\n<link rel=\"canonical\" href=\"https:\/\/ziva-voda.com\/blog\/prijava-na-novice\/\" \/>\n<meta property=\"og:locale\" content=\"sl_SI\" \/>\n<meta property=\"og:type\" content=\"article\" \/>\n<meta property=\"og:title\" content=\"Prijava na Novice &quot;Prijateljem Najbolj\u0161e!&quot; dr.Iztoka Ostana\" \/>\n<meta property=\"og:description\" content=\"Vpi\u0161ite svoj email za prejemanje rednih mese\u010dnih novic &quot;Prijateljem Najbolj\u0161e!&quot;, z urnikom predavanj dr.Iztoka Ostana, izku\u0161njah uporabnikov in novih ...\" \/>\n<meta property=\"og:url\" content=\"https:\/\/ziva-voda.com\/blog\/prijava-na-novice\/\" \/>\n<meta property=\"og:site_name\" content=\"\u017diva Voda Blog\" \/>\n<meta property=\"article:publisher\" content=\"https:\/\/sl-si.facebook.com\/zivavoda.megahydrate\" \/>\n<meta property=\"article:modified_time\" content=\"2025-07-15T12:09:08+00:00\" \/>\n<meta property=\"og:image\" content=\"https:\/\/img.mailinblue.com\/8541172\/images\/content_library\/original\/68763e0ca244b0ed592a1aea.png\" \/>\n<meta name=\"twitter:card\" content=\"summary_large_image\" \/>\n<meta name=\"twitter:site\" content=\"@zivavoda\" \/>\n<meta name=\"twitter:label1\" content=\"Est. reading time\" \/>\n\t<meta name=\"twitter:data1\" content=\"1 minuta\" \/>\n<script type=\"application\/ld+json\" class=\"yoast-schema-graph\">{\"@context\":\"https:\\\/\\\/schema.org\",\"@graph\":[{\"@type\":\"WebPage\",\"@id\":\"https:\\\/\\\/ziva-voda.com\\\/blog\\\/prijava-na-novice\\\/\",\"url\":\"https:\\\/\\\/ziva-voda.com\\\/blog\\\/prijava-na-novice\\\/\",\"name\":\"Prijava na Novice \\\"Prijateljem Najbolj\u0161e!\\\" dr.Iztoka Ostana\",\"isPartOf\":{\"@id\":\"https:\\\/\\\/ziva-voda.com\\\/blog\\\/#website\"},\"primaryImageOfPage\":{\"@id\":\"https:\\\/\\\/ziva-voda.com\\\/blog\\\/prijava-na-novice\\\/#primaryimage\"},\"image\":{\"@id\":\"https:\\\/\\\/ziva-voda.com\\\/blog\\\/prijava-na-novice\\\/#primaryimage\"},\"thumbnailUrl\":\"https:\\\/\\\/img.mailinblue.com\\\/8541172\\\/images\\\/content_library\\\/original\\\/68763e0ca244b0ed592a1aea.png\",\"datePublished\":\"2016-06-07T20:51:06+00:00\",\"dateModified\":\"2025-07-15T12:09:08+00:00\",\"description\":\"Vpi\u0161ite svoj email za prejemanje rednih mese\u010dnih novic \\\"Prijateljem Najbolj\u0161e!\\\", z urnikom predavanj dr.Iztoka Ostana, izku\u0161njah uporabnikov in novih ...\",\"breadcrumb\":{\"@id\":\"https:\\\/\\\/ziva-voda.com\\\/blog\\\/prijava-na-novice\\\/#breadcrumb\"},\"inLanguage\":\"sl-SI\",\"potentialAction\":[{\"@type\":\"ReadAction\",\"target\":[\"https:\\\/\\\/ziva-voda.com\\\/blog\\\/prijava-na-novice\\\/\"]}]},{\"@type\":\"ImageObject\",\"inLanguage\":\"sl-SI\",\"@id\":\"https:\\\/\\\/ziva-voda.com\\\/blog\\\/prijava-na-novice\\\/#primaryimage\",\"url\":\"https:\\\/\\\/img.mailinblue.com\\\/8541172\\\/images\\\/content_library\\\/original\\\/68763e0ca244b0ed592a1aea.png\",\"contentUrl\":\"https:\\\/\\\/img.mailinblue.com\\\/8541172\\\/images\\\/content_library\\\/original\\\/68763e0ca244b0ed592a1aea.png\"},{\"@type\":\"BreadcrumbList\",\"@id\":\"https:\\\/\\\/ziva-voda.com\\\/blog\\\/prijava-na-novice\\\/#breadcrumb\",\"itemListElement\":[{\"@type\":\"ListItem\",\"position\":1,\"name\":\"Domov\",\"item\":\"https:\\\/\\\/ziva-voda.com\\\/blog\\\/\"},{\"@type\":\"ListItem\",\"position\":2,\"name\":\"Prijava na Novice\"}]},{\"@type\":\"WebSite\",\"@id\":\"https:\\\/\\\/ziva-voda.com\\\/blog\\\/#website\",\"url\":\"https:\\\/\\\/ziva-voda.com\\\/blog\\\/\",\"name\":\"\u017diva Voda Blog\",\"description\":\"Male Skrivnosti za Ve\u010d Energije in Bolj\u0161e Po\u010dutje\",\"potentialAction\":[{\"@type\":\"SearchAction\",\"target\":{\"@type\":\"EntryPoint\",\"urlTemplate\":\"https:\\\/\\\/ziva-voda.com\\\/blog\\\/?s={search_term_string}\"},\"query-input\":{\"@type\":\"PropertyValueSpecification\",\"valueRequired\":true,\"valueName\":\"search_term_string\"}}],\"inLanguage\":\"sl-SI\"}]}<\/script>\n<!-- \/ Yoast SEO plugin. -->","yoast_head_json":{"title":"Prijava na Novice \"Prijateljem Najbolj\u0161e!\" dr.Iztoka Ostana","description":"Vpi\u0161ite svoj email za prejemanje rednih mese\u010dnih novic \"Prijateljem Najbolj\u0161e!\", z urnikom predavanj dr.Iztoka Ostana, izku\u0161njah uporabnikov in novih ...","robots":{"index":"index","follow":"follow","max-snippet":"max-snippet:-1","max-image-preview":"max-image-preview:large","max-video-preview":"max-video-preview:-1"},"canonical":"https:\/\/ziva-voda.com\/blog\/prijava-na-novice\/","og_locale":"sl_SI","og_type":"article","og_title":"Prijava na Novice \"Prijateljem Najbolj\u0161e!\" dr.Iztoka Ostana","og_description":"Vpi\u0161ite svoj email za prejemanje rednih mese\u010dnih novic \"Prijateljem Najbolj\u0161e!\", z urnikom predavanj dr.Iztoka Ostana, izku\u0161njah uporabnikov in novih ...","og_url":"https:\/\/ziva-voda.com\/blog\/prijava-na-novice\/","og_site_name":"\u017diva Voda Blog","article_publisher":"https:\/\/sl-si.facebook.com\/zivavoda.megahydrate","article_modified_time":"2025-07-15T12:09:08+00:00","og_image":[{"url":"https:\/\/img.mailinblue.com\/8541172\/images\/content_library\/original\/68763e0ca244b0ed592a1aea.png","type":"","width":"","height":""}],"twitter_card":"summary_large_image","twitter_site":"@zivavoda","twitter_misc":{"Est. reading time":"1 minuta"},"schema":{"@context":"https:\/\/schema.org","@graph":[{"@type":"WebPage","@id":"https:\/\/ziva-voda.com\/blog\/prijava-na-novice\/","url":"https:\/\/ziva-voda.com\/blog\/prijava-na-novice\/","name":"Prijava na Novice \"Prijateljem Najbolj\u0161e!\" dr.Iztoka Ostana","isPartOf":{"@id":"https:\/\/ziva-voda.com\/blog\/#website"},"primaryImageOfPage":{"@id":"https:\/\/ziva-voda.com\/blog\/prijava-na-novice\/#primaryimage"},"image":{"@id":"https:\/\/ziva-voda.com\/blog\/prijava-na-novice\/#primaryimage"},"thumbnailUrl":"https:\/\/img.mailinblue.com\/8541172\/images\/content_library\/original\/68763e0ca244b0ed592a1aea.png","datePublished":"2016-06-07T20:51:06+00:00","dateModified":"2025-07-15T12:09:08+00:00","description":"Vpi\u0161ite svoj email za prejemanje rednih mese\u010dnih novic \"Prijateljem Najbolj\u0161e!\", z urnikom predavanj dr.Iztoka Ostana, izku\u0161njah uporabnikov in novih ...","breadcrumb":{"@id":"https:\/\/ziva-voda.com\/blog\/prijava-na-novice\/#breadcrumb"},"inLanguage":"sl-SI","potentialAction":[{"@type":"ReadAction","target":["https:\/\/ziva-voda.com\/blog\/prijava-na-novice\/"]}]},{"@type":"ImageObject","inLanguage":"sl-SI","@id":"https:\/\/ziva-voda.com\/blog\/prijava-na-novice\/#primaryimage","url":"https:\/\/img.mailinblue.com\/8541172\/images\/content_library\/original\/68763e0ca244b0ed592a1aea.png","contentUrl":"https:\/\/img.mailinblue.com\/8541172\/images\/content_library\/original\/68763e0ca244b0ed592a1aea.png"},{"@type":"BreadcrumbList","@id":"https:\/\/ziva-voda.com\/blog\/prijava-na-novice\/#breadcrumb","itemListElement":[{"@type":"ListItem","position":1,"name":"Domov","item":"https:\/\/ziva-voda.com\/blog\/"},{"@type":"ListItem","position":2,"name":"Prijava na Novice"}]},{"@type":"WebSite","@id":"https:\/\/ziva-voda.com\/blog\/#website","url":"https:\/\/ziva-voda.com\/blog\/","name":"\u017diva Voda Blog","description":"Male Skrivnosti za Ve\u010d Energije in Bolj\u0161e Po\u010dutje","potentialAction":[{"@type":"SearchAction","target":{"@type":"EntryPoint","urlTemplate":"https:\/\/ziva-voda.com\/blog\/?s={search_term_string}"},"query-input":{"@type":"PropertyValueSpecification","valueRequired":true,"valueName":"search_term_string"}}],"inLanguage":"sl-SI"}]}},"_links":{"self":[{"href":"https:\/\/ziva-voda.com\/blog\/wp-json\/wp\/v2\/pages\/1112","targetHints":{"allow":["GET"]}}],"collection":[{"href":"https:\/\/ziva-voda.com\/blog\/wp-json\/wp\/v2\/pages"}],"about":[{"href":"https:\/\/ziva-voda.com\/blog\/wp-json\/wp\/v2\/types\/page"}],"author":[{"embeddable":true,"href":"https:\/\/ziva-voda.com\/blog\/wp-json\/wp\/v2\/users\/88889"}],"replies":[{"embeddable":true,"href":"https:\/\/ziva-voda.com\/blog\/wp-json\/wp\/v2\/comments?post=1112"}],"version-history":[{"count":0,"href":"https:\/\/ziva-voda.com\/blog\/wp-json\/wp\/v2\/pages\/1112\/revisions"}],"wp:attachment":[{"href":"https:\/\/ziva-voda.com\/blog\/wp-json\/wp\/v2\/media?parent=1112"}],"curies":[{"name":"wp","href":"https:\/\/api.w.org\/{rel}","templated":true}]}}